{"id":64,"date":"2022-07-27T15:10:43","date_gmt":"2022-07-27T15:10:43","guid":{"rendered":"https:\/\/credimedia.eu\/sniss\/?page_id=64"},"modified":"2025-11-13T12:33:22","modified_gmt":"2025-11-13T12:33:22","slug":"sobre","status":"publish","type":"page","link":"https:\/\/credimedia.eu\/sniss\/sobre\/","title":{"rendered":"Sobre"},"content":{"rendered":"<p><div id=\"who\" class=\"fusion-container-anchor\"><div class=\"fusion-fullwidth fullwidth-box fusion-builder-row-1 fusion-flex-container has-pattern-background has-mask-background nonhundred-percent-fullwidth non-hundred-percent-height-scrolling\" style=\"--link_hover_color: var(--awb-color5);--link_color: var(--awb-color5);--awb-background-position:right top;--awb-background-blend-mode:overlay;--awb-border-color:var(--awb-color1);--awb-border-radius-top-left:0px;--awb-border-radius-top-right:0px;--awb-border-radius-bottom-right:0px;--awb-border-radius-bottom-left:0px;--awb-padding-top:40px;--awb-padding-bottom:40px;--awb-padding-top-medium:90px;--awb-padding-bottom-medium:90px;--awb-padding-top-small:80px;--awb-padding-bottom-small:80px;--awb-margin-bottom-medium:0px;--awb-background-color:var(--awb-color5);--awb-flex-wrap:wrap;\" ><div class=\"fusion-builder-row fusion-row fusion-flex-align-items-center fusion-flex-content-wrap\" style=\"max-width:1248px;margin-left: calc(-4% \/ 2 );margin-right: calc(-4% \/ 2 );\"><div class=\"fusion-layout-column fusion_builder_column fusion-builder-column-0 fusion-flex-column\" style=\"--awb-overflow:hidden;--awb-bg-color:var(--awb-color1);--awb-bg-color-hover:var(--awb-color1);--awb-bg-size:cover;--awb-border-radius:15px 15px 15px 15px;--awb-width-large:30%;--awb-margin-top-large:0px;--awb-spacing-right-large:6.4%;--awb-margin-bottom-large:0px;--awb-spacing-left-large:6.4%;--awb-width-medium:30%;--awb-order-medium:0;--awb-spacing-right-medium:6.4%;--awb-spacing-left-medium:6.4%;--awb-width-small:100%;--awb-order-small:0;--awb-spacing-right-small:1.92%;--awb-spacing-left-small:1.92%;\"><div class=\"fusion-column-wrapper fusion-column-has-shadow fusion-flex-justify-content-flex-start fusion-content-layout-column\"><div class=\"fusion-image-element \" style=\"--awb-caption-title-font-family:var(--h2_typography-font-family);--awb-caption-title-font-weight:var(--h2_typography-font-weight);--awb-caption-title-font-style:var(--h2_typography-font-style);--awb-caption-title-size:var(--h2_typography-font-size);--awb-caption-title-transform:var(--h2_typography-text-transform);--awb-caption-title-line-height:var(--h2_typography-line-height);--awb-caption-title-letter-spacing:var(--h2_typography-letter-spacing);\"><span class=\" fusion-imageframe imageframe-none imageframe-1 hover-type-none\"><img decoding=\"async\" width=\"1000\" height=\"600\" title=\"SNISS\" src=\"https:\/\/credimedia.eu\/sniss\/wp-content\/uploads\/2025\/11\/SNISS.png\" data-orig-src=\"https:\/\/credimedia.eu\/sniss\/wp-content\/uploads\/2025\/11\/SNISS.png\" alt class=\"lazyload img-responsive wp-image-2393\" srcset=\"data:image\/svg+xml,%3Csvg%20xmlns%3D%27http%3A%2F%2Fwww.w3.org%2F2000%2Fsvg%27%20width%3D%271000%27%20height%3D%27600%27%20viewBox%3D%270%200%201000%20600%27%3E%3Crect%20width%3D%271000%27%20height%3D%27600%27%20fill-opacity%3D%220%22%2F%3E%3C%2Fsvg%3E\" data-srcset=\"https:\/\/credimedia.eu\/sniss\/wp-content\/uploads\/2025\/11\/SNISS-200x120.png 200w, https:\/\/credimedia.eu\/sniss\/wp-content\/uploads\/2025\/11\/SNISS-400x240.png 400w, https:\/\/credimedia.eu\/sniss\/wp-content\/uploads\/2025\/11\/SNISS-600x360.png 600w, https:\/\/credimedia.eu\/sniss\/wp-content\/uploads\/2025\/11\/SNISS-800x480.png 800w, https:\/\/credimedia.eu\/sniss\/wp-content\/uploads\/2025\/11\/SNISS.png 1000w\" data-sizes=\"auto\" data-orig-sizes=\"(max-width: 700px) 100vw, 1000px\" \/><\/span><\/div><\/div><\/div><div class=\"fusion-layout-column fusion_builder_column fusion-builder-column-1 fusion_builder_column_2_5 2_5 fusion-flex-column\" style=\"--awb-bg-size:cover;--awb-width-large:40%;--awb-margin-top-large:0px;--awb-spacing-right-large:0%;--awb-margin-bottom-large:0px;--awb-spacing-left-large:0%;--awb-width-medium:40%;--awb-order-medium:0;--awb-spacing-right-medium:0%;--awb-spacing-left-medium:0%;--awb-width-small:100%;--awb-order-small:0;--awb-spacing-right-small:1.92%;--awb-spacing-left-small:1.92%;\"><div class=\"fusion-column-wrapper fusion-column-has-shadow fusion-flex-justify-content-flex-start fusion-content-layout-column\"><div class=\"fusion-title title fusion-title-1 fusion-sep-none fusion-title-center fusion-title-text fusion-title-size-one\" style=\"--awb-text-color:var(--awb-color1);--awb-margin-bottom:0px;--awb-font-size:55px;\"><h1 class=\"fusion-title-heading title-heading-center\" style=\"margin:0;font-size:1em;text-transform:uppercase;\">Protocolo<\/h1><\/div><div class=\"fusion-title title fusion-title-2 fusion-sep-none fusion-title-center fusion-title-text fusion-title-size-one\" style=\"--awb-text-color:var(--awb-color1);--awb-margin-top:0px;--awb-font-size:55px;\"><h1 class=\"fusion-title-heading title-heading-center\" style=\"margin:0;font-size:1em;text-transform:uppercase;\">SNISS &#8211; Credim\u00e9dia<\/h1><\/div><\/div><\/div><div class=\"fusion-layout-column fusion_builder_column fusion-builder-column-2 fusion-flex-column\" style=\"--awb-overflow:hidden;--awb-bg-color:var(--awb-color1);--awb-bg-color-hover:var(--awb-color1);--awb-bg-size:cover;--awb-border-radius:15px 15px 15px 15px;--awb-width-large:30%;--awb-margin-top-large:0px;--awb-spacing-right-large:6.4%;--awb-margin-bottom-large:0px;--awb-spacing-left-large:6.4%;--awb-width-medium:30%;--awb-order-medium:0;--awb-spacing-right-medium:6.4%;--awb-spacing-left-medium:6.4%;--awb-width-small:100%;--awb-order-small:0;--awb-spacing-right-small:1.92%;--awb-spacing-left-small:1.92%;\"><div class=\"fusion-column-wrapper fusion-column-has-shadow fusion-flex-justify-content-flex-start fusion-content-layout-column\"><div class=\"fusion-image-element \" style=\"--awb-caption-title-font-family:var(--h2_typography-font-family);--awb-caption-title-font-weight:var(--h2_typography-font-weight);--awb-caption-title-font-style:var(--h2_typography-font-style);--awb-caption-title-size:var(--h2_typography-font-size);--awb-caption-title-transform:var(--h2_typography-text-transform);--awb-caption-title-line-height:var(--h2_typography-line-height);--awb-caption-title-letter-spacing:var(--h2_typography-letter-spacing);\"><span class=\" fusion-imageframe imageframe-none imageframe-2 hover-type-none\"><img decoding=\"async\" width=\"1000\" height=\"600\" title=\"Credimedia-STI_Novo\" src=\"https:\/\/credimedia.eu\/sniss\/wp-content\/uploads\/2024\/08\/Credimedia-STI_Novo.png\" data-orig-src=\"https:\/\/credimedia.eu\/sniss\/wp-content\/uploads\/2024\/08\/Credimedia-STI_Novo.png\" alt class=\"lazyload img-responsive wp-image-2373\" srcset=\"data:image\/svg+xml,%3Csvg%20xmlns%3D%27http%3A%2F%2Fwww.w3.org%2F2000%2Fsvg%27%20width%3D%271000%27%20height%3D%27600%27%20viewBox%3D%270%200%201000%20600%27%3E%3Crect%20width%3D%271000%27%20height%3D%27600%27%20fill-opacity%3D%220%22%2F%3E%3C%2Fsvg%3E\" data-srcset=\"https:\/\/credimedia.eu\/sniss\/wp-content\/uploads\/2024\/08\/Credimedia-STI_Novo-200x120.png 200w, https:\/\/credimedia.eu\/sniss\/wp-content\/uploads\/2024\/08\/Credimedia-STI_Novo-400x240.png 400w, https:\/\/credimedia.eu\/sniss\/wp-content\/uploads\/2024\/08\/Credimedia-STI_Novo-600x360.png 600w, https:\/\/credimedia.eu\/sniss\/wp-content\/uploads\/2024\/08\/Credimedia-STI_Novo-800x480.png 800w, https:\/\/credimedia.eu\/sniss\/wp-content\/uploads\/2024\/08\/Credimedia-STI_Novo.png 1000w\" data-sizes=\"auto\" data-orig-sizes=\"(max-width: 700px) 100vw, 1000px\" \/><\/span><\/div><\/div><\/div><\/div><\/div><\/div><div class=\"fusion-fullwidth fullwidth-box fusion-builder-row-2 fusion-flex-container has-pattern-background has-mask-background nonhundred-percent-fullwidth non-hundred-percent-height-scrolling\" style=\"--link_hover_color: var(--awb-color5);--link_color: var(--awb-color5);--awb-background-position:right top;--awb-background-blend-mode:overlay;--awb-border-color:var(--awb-color1);--awb-border-radius-top-left:0px;--awb-border-radius-top-right:0px;--awb-border-radius-bottom-right:0px;--awb-border-radius-bottom-left:0px;--awb-padding-top:40px;--awb-padding-bottom:40px;--awb-padding-top-medium:0px;--awb-padding-bottom-medium:90px;--awb-padding-top-small:0px;--awb-padding-bottom-small:80px;--awb-margin-bottom-medium:0px;--awb-background-color:var(--awb-color1);--awb-flex-wrap:wrap;\" ><div class=\"fusion-builder-row fusion-row fusion-flex-align-items-center fusion-flex-content-wrap\" style=\"max-width:1248px;margin-left: calc(-4% \/ 2 );margin-right: calc(-4% \/ 2 );\"><div class=\"fusion-layout-column fusion_builder_column fusion-builder-column-3 fusion_builder_column_1_2 1_2 fusion-flex-column fusion-flex-align-self-flex-start fusion-animated\" style=\"--awb-bg-size:cover;--awb-width-large:50%;--awb-margin-top-large:0px;--awb-spacing-right-large:3.84%;--awb-margin-bottom-large:0px;--awb-spacing-left-large:3.84%;--awb-width-medium:50%;--awb-order-medium:0;--awb-spacing-right-medium:70px;--awb-spacing-left-medium:3.84%;--awb-width-small:100%;--awb-order-small:0;--awb-spacing-right-small:1.92%;--awb-spacing-left-small:1.92%;\" data-animationType=\"fadeInUp\" data-animationDuration=\"0.8\" data-animationOffset=\"top-into-view\"><div class=\"fusion-column-wrapper fusion-column-has-shadow fusion-flex-justify-content-flex-start fusion-content-layout-column\"><div class=\"fusion-image-element \" style=\"--awb-margin-bottom-small:50px;--awb-caption-title-font-family:var(--h2_typography-font-family);--awb-caption-title-font-weight:var(--h2_typography-font-weight);--awb-caption-title-font-style:var(--h2_typography-font-style);--awb-caption-title-size:var(--h2_typography-font-size);--awb-caption-title-transform:var(--h2_typography-text-transform);--awb-caption-title-line-height:var(--h2_typography-line-height);--awb-caption-title-letter-spacing:var(--h2_typography-letter-spacing);\"><span class=\" fusion-imageframe imageframe-none imageframe-3 hover-type-none fusion-animated\" style=\"--awb-animation-color:hsla(var(--awb-color4-h),var(--awb-color4-s),calc(var(--awb-color4-l) + 20%),var(--awb-color4-a));\" data-animationType=\"revealInLeft\" data-animationDuration=\"1.3\" data-animationOffset=\"top-into-view\"><img decoding=\"async\" width=\"1333\" height=\"2000\" title=\"empresarios-apertando-as-maos\" src=\"https:\/\/credimedia.eu\/sniss\/wp-content\/uploads\/2023\/07\/empresarios-apertando-as-maos.jpg\" data-orig-src=\"https:\/\/credimedia.eu\/sniss\/wp-content\/uploads\/2023\/07\/empresarios-apertando-as-maos.jpg\" alt class=\"lazyload img-responsive wp-image-2306\" srcset=\"data:image\/svg+xml,%3Csvg%20xmlns%3D%27http%3A%2F%2Fwww.w3.org%2F2000%2Fsvg%27%20width%3D%271333%27%20height%3D%272000%27%20viewBox%3D%270%200%201333%202000%27%3E%3Crect%20width%3D%271333%27%20height%3D%272000%27%20fill-opacity%3D%220%22%2F%3E%3C%2Fsvg%3E\" data-srcset=\"https:\/\/credimedia.eu\/sniss\/wp-content\/uploads\/2023\/07\/empresarios-apertando-as-maos-200x300.jpg 200w, https:\/\/credimedia.eu\/sniss\/wp-content\/uploads\/2023\/07\/empresarios-apertando-as-maos-400x600.jpg 400w, https:\/\/credimedia.eu\/sniss\/wp-content\/uploads\/2023\/07\/empresarios-apertando-as-maos-600x900.jpg 600w, https:\/\/credimedia.eu\/sniss\/wp-content\/uploads\/2023\/07\/empresarios-apertando-as-maos-800x1200.jpg 800w, https:\/\/credimedia.eu\/sniss\/wp-content\/uploads\/2023\/07\/empresarios-apertando-as-maos-1200x1800.jpg 1200w, https:\/\/credimedia.eu\/sniss\/wp-content\/uploads\/2023\/07\/empresarios-apertando-as-maos.jpg 1333w\" data-sizes=\"auto\" data-orig-sizes=\"(max-width: 700px) 100vw, 600px\" \/><\/span><\/div><\/div><\/div><div class=\"fusion-layout-column fusion_builder_column fusion-builder-column-4 fusion_builder_column_1_2 1_2 fusion-flex-column fusion-flex-align-self-stretch fusion-animated\" style=\"--awb-padding-bottom-medium:0px;--awb-bg-size:cover;--awb-width-large:50%;--awb-margin-top-large:0px;--awb-spacing-right-large:3.84%;--awb-margin-bottom-large:0px;--awb-spacing-left-large:3.84%;--awb-width-medium:50%;--awb-order-medium:0;--awb-spacing-right-medium:3.84%;--awb-spacing-left-medium:20px;--awb-width-small:100%;--awb-order-small:1;--awb-spacing-right-small:1.92%;--awb-spacing-left-small:20px;\" data-animationType=\"fadeInLeft\" data-animationDuration=\"1.3\" data-animationOffset=\"top-into-view\"><div class=\"fusion-column-wrapper fusion-column-has-shadow fusion-flex-justify-content-space-evenly fusion-content-layout-column\"><div class=\"fusion-title title fusion-title-3 fusion-sep-none fusion-title-text fusion-title-size-two\" style=\"--awb-margin-bottom:30px;\"><h2 class=\"fusion-title-heading title-heading-left fusion-responsive-typography-calculated\" style=\"margin:0;--fontSize:42;line-height:var(--awb-typography1-line-height);\">Conhe\u00e7a as Condi\u00e7\u00f5es de Ades\u00e3o do Protocolo<\/h2><\/div><div class=\"fusion-text fusion-text-1 fusion-text-no-margin\" style=\"--awb-font-size:17px;--awb-margin-bottom:10px;\"><p>O Protocolo SNISS &#8211; Credim\u00e9dia, disponibiliza a todos os associados do Sindicato Nacional da Inspe\u00e7\u00e3o da Seguran\u00e7a Social e suas fam\u00edlias (c\u00f4njuges e descendentes) <span style=\"color: var(--awb-text-color); font-family: var(--awb-text-font-family); font-size: var(--awb-font-size); font-style: var(--awb-text-font-style); font-weight: var(--awb-text-font-weight); letter-spacing: var(--awb-letter-spacing); text-align: var(--awb-content-alignment); text-transform: var(--awb-text-transform); background-color: var(--awb-bg-color-hover);\">condi\u00e7\u00f5es \u00fanicas e muito competitivas na contrata\u00e7\u00e3o de seguros, para salvaguardar patrim\u00f3nio, responsabilidades, lazer e a fam\u00edlia.<\/span><\/p>\n<ul>\n<li><span style=\"background-color: var(--awb-bg-color-hover); color: var(--awb-text-color); font-family: var(--awb-text-font-family); font-size: var(--awb-font-size); font-style: var(--awb-text-font-style); font-weight: var(--awb-text-font-weight); letter-spacing: var(--awb-letter-spacing); text-align: var(--awb-content-alignment); text-transform: var(--awb-text-transform);\">Se subscrever, pela primeira vez, um seguro deste protocolo, deve apresentar e entregar c\u00f3pia do cart\u00e3o de associado;<\/span><\/li>\n<li><span style=\"color: var(--awb-text-color); font-family: var(--awb-text-font-family); font-size: var(--awb-font-size); font-style: var(--awb-text-font-style); font-weight: var(--awb-text-font-weight); letter-spacing: var(--awb-letter-spacing); text-align: var(--awb-content-alignment); text-transform: var(--awb-text-transform); background-color: var(--awb-bg-color-hover);\">Se j\u00e1 for cliente ao abrigo deste protocolo, n\u00e3o necessita de apresentar documentos comprovativos;<br \/><\/span><\/li>\n<li><span style=\"color: var(--awb-text-color); font-family: var(--awb-text-font-family); font-size: var(--awb-font-size); font-style: var(--awb-text-font-style); font-weight: var(--awb-text-font-weight); letter-spacing: var(--awb-letter-spacing); text-align: var(--awb-content-alignment); text-transform: var(--awb-text-transform); background-color: var(--awb-bg-color-hover);\">Se o protocolo for aplicado \u00e0 ap\u00f3lice do c\u00f4njuge ou dos descendentes, \u00e9 necess\u00e1rio apresentar o cart\u00e3o de associado ou equivalente do familiar que pertence ao universo definido.<\/span><\/li>\n<\/ul>\n<h4 data-fontsize=\"28.43\" data-lineheight=\"39.802px\" class=\"fusion-responsive-typography-calculated\" style=\"--fontSize: 28.43; line-height: 1.4;\">SEGUROS<\/h4>\n<p>Acidentes de Trabalho \u2013 Empregada Dom\u00e9stica; Acidentes Pessoais; Autom\u00f3vel; Bicicleta; Embarca\u00e7\u00e3o de Recreio; Mota; Multirriscos Habita\u00e7\u00e3o; Responsabilidade Civil &#8211; Ca\u00e7ador; Sa\u00fade; Sa\u00fade Dent\u00e1ria;<\/p>\n<\/div><div style=\"text-align:center;\"><a class=\"fusion-button button-flat fusion-button-default-size button-default fusion-button-default button-1 fusion-button-span-yes fusion-button-default-type\" target=\"_self\"><span class=\"fusion-button-text\">Consultar Protocolo- Brevemente<\/span><\/a><\/div><\/div><\/div><\/div><\/div><div id=\"team\" class=\"fusion-container-anchor\"><div class=\"fusion-fullwidth fullwidth-box fusion-builder-row-3 fusion-flex-container has-pattern-background has-mask-background nonhundred-percent-fullwidth non-hundred-percent-height-scrolling\" style=\"--link_hover_color: var(--awb-color2);--link_color: var(--awb-color5);--awb-background-position:left top;--awb-border-sizes-top:0px;--awb-border-sizes-bottom:0px;--awb-border-sizes-left:0px;--awb-border-sizes-right:0px;--awb-border-radius-top-left:0px;--awb-border-radius-top-right:0px;--awb-border-radius-bottom-right:0px;--awb-border-radius-bottom-left:0px;--awb-padding-top:40px;--awb-padding-bottom:40px;--awb-padding-top-medium:90px;--awb-padding-bottom-medium:90px;--awb-margin-bottom-medium:0px;--awb-background-color:var(--awb-color6);--awb-flex-wrap:wrap;\" ><div class=\"fusion-builder-row fusion-row fusion-flex-align-items-flex-start fusion-flex-justify-content-center fusion-flex-content-wrap\" style=\"max-width:calc( 1200px + 120px );margin-left: calc(-120px \/ 2 );margin-right: calc(-120px \/ 2 );\"><div class=\"fusion-layout-column fusion_builder_column fusion-builder-column-5 fusion_builder_column_1_1 1_1 fusion-flex-column\" style=\"--awb-bg-size:cover;--awb-width-large:100%;--awb-margin-top-large:0px;--awb-spacing-right-large:60px;--awb-margin-bottom-large:20px;--awb-spacing-left-large:60px;--awb-width-medium:100%;--awb-order-medium:0;--awb-spacing-right-medium:60px;--awb-spacing-left-medium:60px;--awb-width-small:100%;--awb-order-small:0;--awb-spacing-right-small:60px;--awb-spacing-left-small:60px;\"><div class=\"fusion-column-wrapper fusion-column-has-shadow fusion-flex-justify-content-flex-start fusion-content-layout-column\"><div class=\"fusion-title title fusion-title-4 fusion-sep-none fusion-title-center fusion-title-text fusion-title-size-three\" style=\"--awb-text-color:var(--awb-color1);\"><h3 class=\"fusion-title-heading title-heading-center\" style=\"margin:0;\">A Equipa<\/h3><\/div><\/div><\/div><div class=\"fusion-layout-column fusion_builder_column fusion-builder-column-6 fusion_builder_column_1_3 1_3 fusion-flex-column fusion-animated\" style=\"--awb-bg-size:cover;--awb-width-large:33.333333333333%;--awb-margin-top-large:0px;--awb-spacing-right-large:40px;--awb-margin-bottom-large:20px;--awb-spacing-left-large:40px;--awb-width-medium:33.333333333333%;--awb-order-medium:0;--awb-spacing-right-medium:40px;--awb-spacing-left-medium:40px;--awb-width-small:100%;--awb-order-small:0;--awb-spacing-right-small:60px;--awb-margin-bottom-small:55px;--awb-spacing-left-small:60px;--awb-animation-color:hsla(var(--awb-color7-h),var(--awb-color7-s),calc(var(--awb-color7-l) + 5%),var(--awb-color7-a));\" data-animationType=\"revealInLeft\" data-animationDuration=\"1.3\" data-animationOffset=\"top-into-view\"><div class=\"fusion-column-wrapper fusion-column-has-shadow fusion-flex-justify-content-flex-start fusion-content-layout-column\"><div class=\"fusion-image-element \" style=\"--awb-aspect-ratio:1 \/ 1;--awb-object-position:7% 0%;--awb-margin-bottom:35px;--awb-caption-title-font-family:var(--h2_typography-font-family);--awb-caption-title-font-weight:var(--h2_typography-font-weight);--awb-caption-title-font-style:var(--h2_typography-font-style);--awb-caption-title-size:var(--h2_typography-font-size);--awb-caption-title-transform:var(--h2_typography-text-transform);--awb-caption-title-line-height:var(--h2_typography-line-height);--awb-caption-title-letter-spacing:var(--h2_typography-letter-spacing);\"><span class=\" fusion-imageframe imageframe-none imageframe-4 hover-type-none has-aspect-ratio\"><img decoding=\"async\" width=\"1200\" height=\"1599\" title=\"LuisCoelho\" src=\"https:\/\/credimedia.eu\/sniss\/wp-content\/uploads\/2025\/11\/LuisCoelho.jpeg\" data-orig-src=\"https:\/\/credimedia.eu\/sniss\/wp-content\/uploads\/2025\/11\/LuisCoelho.jpeg\" class=\"lazyload img-responsive wp-image-2408 img-with-aspect-ratio\" alt srcset=\"data:image\/svg+xml,%3Csvg%20xmlns%3D%27http%3A%2F%2Fwww.w3.org%2F2000%2Fsvg%27%20width%3D%271200%27%20height%3D%271599%27%20viewBox%3D%270%200%201200%201599%27%3E%3Crect%20width%3D%271200%27%20height%3D%271599%27%20fill-opacity%3D%220%22%2F%3E%3C%2Fsvg%3E\" data-srcset=\"https:\/\/credimedia.eu\/sniss\/wp-content\/uploads\/2025\/11\/LuisCoelho-200x267.jpeg 200w, https:\/\/credimedia.eu\/sniss\/wp-content\/uploads\/2025\/11\/LuisCoelho-400x533.jpeg 400w, https:\/\/credimedia.eu\/sniss\/wp-content\/uploads\/2025\/11\/LuisCoelho-600x800.jpeg 600w, https:\/\/credimedia.eu\/sniss\/wp-content\/uploads\/2025\/11\/LuisCoelho-800x1066.jpeg 800w, https:\/\/credimedia.eu\/sniss\/wp-content\/uploads\/2025\/11\/LuisCoelho.jpeg 1200w\" data-sizes=\"auto\" data-orig-sizes=\"(max-width: 700px) 100vw, 400px\" \/><\/span><\/div><div class=\"fusion-title title fusion-title-5 fusion-sep-none fusion-title-center fusion-title-text fusion-title-size-three\" style=\"--awb-text-color:var(--awb-color1);--awb-margin-top:0px;--awb-margin-bottom:5px;--awb-font-size:25px;\"><h3 class=\"fusion-title-heading title-heading-center\" style=\"margin:0;font-size:1em;\">Lu\u00eds Coelho do Nascimento<\/h3><\/div><div class=\"fusion-text fusion-text-2 fusion-text-no-margin\" style=\"--awb-content-alignment:center;--awb-font-size:var(--awb-typography5-font-size);--awb-line-height:var(--awb-typography5-line-height);--awb-letter-spacing:var(--awb-typography5-letter-spacing);--awb-text-transform:var(--awb-typography5-text-transform);--awb-text-color:var(--awb-color1);--awb-text-font-family:var(--awb-typography5-font-family);--awb-text-font-weight:var(--awb-typography5-font-weight);--awb-text-font-style:var(--awb-typography5-font-style);\"><p>Diretor Geral<\/p>\n<\/div><\/div><\/div><div class=\"fusion-layout-column fusion_builder_column fusion-builder-column-7 fusion_builder_column_1_3 1_3 fusion-flex-column fusion-animated\" style=\"--awb-bg-size:cover;--awb-width-large:33.333333333333%;--awb-margin-top-large:0px;--awb-spacing-right-large:40px;--awb-margin-bottom-large:20px;--awb-spacing-left-large:40px;--awb-width-medium:33.333333333333%;--awb-order-medium:0;--awb-spacing-right-medium:40px;--awb-spacing-left-medium:40px;--awb-width-small:100%;--awb-order-small:0;--awb-spacing-right-small:60px;--awb-margin-bottom-small:55px;--awb-spacing-left-small:60px;--awb-animation-color:hsla(var(--awb-color7-h),var(--awb-color7-s),calc(var(--awb-color7-l) + 5%),var(--awb-color7-a));\" data-animationType=\"revealInLeft\" data-animationDuration=\"1.3\" data-animationOffset=\"top-into-view\"><div class=\"fusion-column-wrapper fusion-column-has-shadow fusion-flex-justify-content-flex-start fusion-content-layout-column\"><div class=\"fusion-image-element \" style=\"--awb-aspect-ratio:1 \/ 1;--awb-margin-bottom:35px;--awb-caption-title-font-family:var(--h2_typography-font-family);--awb-caption-title-font-weight:var(--h2_typography-font-weight);--awb-caption-title-font-style:var(--h2_typography-font-style);--awb-caption-title-size:var(--h2_typography-font-size);--awb-caption-title-transform:var(--h2_typography-text-transform);--awb-caption-title-line-height:var(--h2_typography-line-height);--awb-caption-title-letter-spacing:var(--h2_typography-letter-spacing);\"><span class=\" fusion-imageframe imageframe-none imageframe-5 hover-type-none has-aspect-ratio\"><img decoding=\"async\" width=\"1140\" height=\"1059\" title=\"nico-credimar\" src=\"https:\/\/credimedia.eu\/sniss\/wp-content\/uploads\/2023\/07\/nico-credimar.png\" data-orig-src=\"https:\/\/credimedia.eu\/sniss\/wp-content\/uploads\/2023\/07\/nico-credimar.png\" class=\"lazyload img-responsive wp-image-2250 img-with-aspect-ratio\" alt srcset=\"data:image\/svg+xml,%3Csvg%20xmlns%3D%27http%3A%2F%2Fwww.w3.org%2F2000%2Fsvg%27%20width%3D%271140%27%20height%3D%271059%27%20viewBox%3D%270%200%201140%201059%27%3E%3Crect%20width%3D%271140%27%20height%3D%271059%27%20fill-opacity%3D%220%22%2F%3E%3C%2Fsvg%3E\" data-srcset=\"https:\/\/credimedia.eu\/sniss\/wp-content\/uploads\/2023\/07\/nico-credimar-200x186.png 200w, https:\/\/credimedia.eu\/sniss\/wp-content\/uploads\/2023\/07\/nico-credimar-400x372.png 400w, https:\/\/credimedia.eu\/sniss\/wp-content\/uploads\/2023\/07\/nico-credimar-600x557.png 600w, https:\/\/credimedia.eu\/sniss\/wp-content\/uploads\/2023\/07\/nico-credimar-800x743.png 800w, https:\/\/credimedia.eu\/sniss\/wp-content\/uploads\/2023\/07\/nico-credimar.png 1140w\" data-sizes=\"auto\" data-orig-sizes=\"(max-width: 700px) 100vw, 400px\" \/><\/span><\/div><div class=\"fusion-title title fusion-title-6 fusion-sep-none fusion-title-center fusion-title-text fusion-title-size-three\" style=\"--awb-text-color:var(--awb-color1);--awb-margin-top:0px;--awb-margin-bottom:5px;--awb-font-size:25px;\"><h3 class=\"fusion-title-heading title-heading-center\" style=\"margin:0;font-size:1em;\">Nico Beja<\/h3><\/div><div class=\"fusion-text fusion-text-3 fusion-text-no-margin\" style=\"--awb-content-alignment:center;--awb-font-size:var(--awb-typography5-font-size);--awb-line-height:var(--awb-typography5-line-height);--awb-letter-spacing:var(--awb-typography5-letter-spacing);--awb-text-transform:var(--awb-typography5-text-transform);--awb-text-color:var(--awb-color1);--awb-text-font-family:var(--awb-typography5-font-family);--awb-text-font-weight:var(--awb-typography5-font-weight);--awb-text-font-style:var(--awb-typography5-font-style);\"><p>Diretor Comercial<\/p>\n<\/div><\/div><\/div><\/div><\/div><\/div><\/p>\n","protected":false},"excerpt":{"rendered":"","protected":false},"author":1,"featured_media":500,"parent":0,"menu_order":0,"comment_status":"closed","ping_status":"closed","template":"100-width.php","meta":{"footnotes":""},"class_list":["post-64","page","type-page","status-publish","has-post-thumbnail","hentry"],"_links":{"self":[{"href":"https:\/\/credimedia.eu\/sniss\/wp-json\/wp\/v2\/pages\/64","targetHints":{"allow":["GET"]}}],"collection":[{"href":"https:\/\/credimedia.eu\/sniss\/wp-json\/wp\/v2\/pages"}],"about":[{"href":"https:\/\/credimedia.eu\/sniss\/wp-json\/wp\/v2\/types\/page"}],"author":[{"embeddable":true,"href":"https:\/\/credimedia.eu\/sniss\/wp-json\/wp\/v2\/users\/1"}],"replies":[{"embeddable":true,"href":"https:\/\/credimedia.eu\/sniss\/wp-json\/wp\/v2\/comments?post=64"}],"version-history":[{"count":18,"href":"https:\/\/credimedia.eu\/sniss\/wp-json\/wp\/v2\/pages\/64\/revisions"}],"predecessor-version":[{"id":2409,"href":"https:\/\/credimedia.eu\/sniss\/wp-json\/wp\/v2\/pages\/64\/revisions\/2409"}],"wp:featuredmedia":[{"embeddable":true,"href":"https:\/\/credimedia.eu\/sniss\/wp-json\/wp\/v2\/media\/500"}],"wp:attachment":[{"href":"https:\/\/credimedia.eu\/sniss\/wp-json\/wp\/v2\/media?parent=64"}],"curies":[{"name":"wp","href":"https:\/\/api.w.org\/{rel}","templated":true}]}}