{"id":2174,"date":"2022-07-27T13:34:08","date_gmt":"2022-07-27T13:34:08","guid":{"rendered":"https:\/\/credimedia.eu\/sniss\/home\/"},"modified":"2026-02-09T11:00:59","modified_gmt":"2026-02-09T11:00:59","slug":"home","status":"publish","type":"page","link":"https:\/\/credimedia.eu\/sniss\/","title":{"rendered":"Protocolo STI &#8211; Credim\u00e9dia"},"content":{"rendered":"<p><div class=\"fusion-fullwidth fullwidth-box fusion-builder-row-1 fusion-flex-container has-pattern-background has-mask-background nonhundred-percent-fullwidth non-hundred-percent-height-scrolling\" style=\"--link_hover_color: var(--awb-color5);--link_color: var(--awb-color5);--awb-background-position:right top;--awb-background-blend-mode:overlay;--awb-border-color:var(--awb-color1);--awb-border-radius-top-left:0px;--awb-border-radius-top-right:0px;--awb-border-radius-bottom-right:0px;--awb-border-radius-bottom-left:0px;--awb-padding-top:60px;--awb-padding-bottom:60px;--awb-padding-top-medium:90px;--awb-padding-bottom-medium:90px;--awb-padding-top-small:100px;--awb-padding-bottom-small:100px;--awb-margin-bottom-medium:0px;--awb-background-color:var(--awb-color1);--awb-flex-wrap:wrap;\" ><div class=\"awb-background-mask\" style=\"background-image:  url(data:image\/svg+xml;utf8,%3Csvg%20width%3D%221920%22%20height%3D%22954%22%20fill%3D%22none%22%20xmlns%3D%22http%3A%2F%2Fwww.w3.org%2F2000%2Fsvg%22%3E%3Cg%20clip-path%3D%22url%28%23prefix__prefix__clip0_77_23452%29%22%3E%3Cpath%20fill-rule%3D%22evenodd%22%20clip-rule%3D%22evenodd%22%20d%3D%22M1353%20308.5c0%20255.507-131.58%20485.45-341.45%20645.5-187.291%20142.83-436.933%20230-711.05%20230C-280.78%201184-752%20792.025-752%20308.5S-280.78-567%20300.5-567c450.743%200%20835.31%20235.692%20985.3%20567%2043.44%2095.948%2067.2%20199.916%2067.2%20308.5z%22%20fill%3D%22rgba%28137%2C170%2C26%2C1%29%22%2F%3E%3Cpath%20d%3D%22M1321.57%20538C1357.08%20287.516%201273.7%2089.91%201127-.418L1374.18-6c65.77%20100.68-15.89%20431.512-52.61%20544zM312%20955c432.242%200%20746.77-180.667%20850-271-90.34%20157.09-176.766%20246.121-208.688%20271H312z%22%20fill%3D%22rgba%2818%2C135%2C78%2C0.45%29%22%20fill-opacity%3D%22.25%22%2F%3E%3Cpath%20d%3D%22M1344.5%20427c0-252.4-212.67-390.833-319-428.5H1373c70%2082.4%2010.17%20320-28.5%20428.5z%22%20fill%3D%22rgba%2818%2C135%2C78%2C0.45%29%22%20fill-opacity%3D%22.1%22%2F%3E%3Cpath%20fill-rule%3D%22evenodd%22%20clip-rule%3D%22evenodd%22%20d%3D%22M1337%20184.5c0%20324.402-198.63%20609.049-497.356%20769.5H0V0h1285.8c-149.99-331.308-534.557-567-985.3-567C-280.78-567-752-175.025-752%20308.5c0%2040.898%203.371%2081.142%209.895%20120.549C-617.527%20811.461-207.995%201092%20278%201092c206.311%200%20398.842-50.56%20561.644-138h171.906C1221.42%20793.95%201353%20564.007%201353%20308.5c0-53.218-5.71-105.326-16.64-155.925.42%2010.596.64%2021.239.64%2031.925z%22%20fill%3D%22rgba%2818%2C135%2C78%2C0.45%29%22%20fill-opacity%3D%22.5%22%2F%3E%3C%2Fg%3E%3Cdefs%3E%3CclipPath%20id%3D%22prefix__prefix__clip0_77_23452%22%3E%3Cpath%20fill%3D%22rgba%2818%2C135%2C78%2C0.45%29%22%20d%3D%22M0%200h1920v954H0z%22%2F%3E%3C%2FclipPath%3E%3C%2Fdefs%3E%3C%2Fsvg%3E);opacity: 1 ;\"><\/div><div class=\"fusion-builder-row fusion-row fusion-flex-align-items-center fusion-flex-content-wrap\" style=\"max-width:1248px;margin-left: calc(-4% \/ 2 );margin-right: calc(-4% \/ 2 );\"><div class=\"fusion-layout-column fusion_builder_column fusion-builder-column-0 fusion_builder_column_2_3 2_3 fusion-flex-column fusion-animated\" style=\"--awb-padding-bottom-medium:0px;--awb-bg-size:cover;--awb-width-large:66.666666666667%;--awb-margin-top-large:0px;--awb-spacing-right-large:0%;--awb-margin-bottom-large:0px;--awb-spacing-left-large:55px;--awb-width-medium:60%;--awb-order-medium:0;--awb-spacing-right-medium:0%;--awb-spacing-left-medium:20px;--awb-width-small:100%;--awb-order-small:0;--awb-spacing-right-small:0%;--awb-spacing-left-small:20px;\" data-animationType=\"fadeInRight\" data-animationDuration=\"1.3\" data-animationOffset=\"top-into-view\"><div class=\"fusion-column-wrapper fusion-column-has-shadow fusion-flex-justify-content-flex-start fusion-content-layout-column\"><div class=\"fusion-title title fusion-title-1 fusion-sep-none fusion-title-text fusion-title-size-three\"><h3 class=\"fusion-title-heading title-heading-left\" style=\"margin:0;\">Seja Bem-vindo(a)<\/h3><\/div><div class=\"fusion-title title fusion-title-2 fusion-sep-none fusion-title-text fusion-title-size-one\" style=\"--awb-text-color:var(--awb-color1);\"><h1 class=\"fusion-title-heading title-heading-left\" style=\"margin:0;\">Protocolo<\/p>\n<p>SNISS- Credim\u00e9dia<\/p><\/h1><\/div><\/div><\/div><\/div><\/div><div class=\"fusion-fullwidth fullwidth-box fusion-builder-row-2 fusion-flex-container has-pattern-background has-mask-background nonhundred-percent-fullwidth non-hundred-percent-height-scrolling\" style=\"--link_hover_color: var(--awb-color5);--link_color: var(--awb-color5);--awb-background-position:right top;--awb-border-color:var(--awb-color1);--awb-border-radius-top-left:0px;--awb-border-radius-top-right:0px;--awb-border-radius-bottom-right:0px;--awb-border-radius-bottom-left:0px;--awb-padding-top:40px;--awb-padding-right:40px;--awb-padding-bottom:40px;--awb-padding-left:40px;--awb-padding-top-medium:0px;--awb-padding-right-medium:0px;--awb-padding-bottom-medium:0px;--awb-padding-left-medium:0px;--awb-margin-top-medium:0px;--awb-margin-bottom-medium:0px;--awb-background-color:var(--awb-color6);--awb-flex-wrap:wrap;\" ><div class=\"fusion-builder-row fusion-row fusion-flex-align-items-stretch fusion-flex-content-wrap\" style=\"max-width:calc( 1200px + 0px );margin-left: calc(-0px \/ 2 );margin-right: calc(-0px \/ 2 );\"><div class=\"fusion-layout-column fusion_builder_column fusion-builder-column-1 fusion_builder_column_1_2 1_2 fusion-flex-column\" style=\"--awb-bg-size:cover;--awb-width-large:50%;--awb-margin-top-large:0px;--awb-spacing-right-large:20px;--awb-margin-bottom-large:0px;--awb-spacing-left-large:20px;--awb-width-medium:50%;--awb-order-medium:0;--awb-spacing-right-medium:20px;--awb-spacing-left-medium:20px;--awb-width-small:100%;--awb-order-small:0;--awb-spacing-right-small:0px;--awb-spacing-left-small:0px;\"><div class=\"fusion-column-wrapper fusion-column-has-shadow fusion-flex-justify-content-flex-start fusion-content-layout-column\"><div class=\"fusion-image-element \" style=\"--awb-caption-title-font-family:var(--h2_typography-font-family);--awb-caption-title-font-weight:var(--h2_typography-font-weight);--awb-caption-title-font-style:var(--h2_typography-font-style);--awb-caption-title-size:var(--h2_typography-font-size);--awb-caption-title-transform:var(--h2_typography-text-transform);--awb-caption-title-line-height:var(--h2_typography-line-height);--awb-caption-title-letter-spacing:var(--h2_typography-letter-spacing);\"><span class=\" fusion-imageframe imageframe-none imageframe-1 hover-type-none\"><img decoding=\"async\" width=\"2000\" height=\"1333\" title=\"foto-recortada-de-empresario-assinar-contrato\" src=\"https:\/\/credimedia.eu\/sniss\/wp-content\/uploads\/2023\/07\/foto-recortada-de-empresario-assinar-contrato.jpg\" data-orig-src=\"https:\/\/credimedia.eu\/sniss\/wp-content\/uploads\/2023\/07\/foto-recortada-de-empresario-assinar-contrato.jpg\" alt class=\"lazyload img-responsive wp-image-2269\" srcset=\"data:image\/svg+xml,%3Csvg%20xmlns%3D%27http%3A%2F%2Fwww.w3.org%2F2000%2Fsvg%27%20width%3D%272000%27%20height%3D%271333%27%20viewBox%3D%270%200%202000%201333%27%3E%3Crect%20width%3D%272000%27%20height%3D%271333%27%20fill-opacity%3D%220%22%2F%3E%3C%2Fsvg%3E\" data-srcset=\"https:\/\/credimedia.eu\/sniss\/wp-content\/uploads\/2023\/07\/foto-recortada-de-empresario-assinar-contrato-200x133.jpg 200w, https:\/\/credimedia.eu\/sniss\/wp-content\/uploads\/2023\/07\/foto-recortada-de-empresario-assinar-contrato-400x267.jpg 400w, https:\/\/credimedia.eu\/sniss\/wp-content\/uploads\/2023\/07\/foto-recortada-de-empresario-assinar-contrato-600x400.jpg 600w, https:\/\/credimedia.eu\/sniss\/wp-content\/uploads\/2023\/07\/foto-recortada-de-empresario-assinar-contrato-800x533.jpg 800w, https:\/\/credimedia.eu\/sniss\/wp-content\/uploads\/2023\/07\/foto-recortada-de-empresario-assinar-contrato-1200x800.jpg 1200w, https:\/\/credimedia.eu\/sniss\/wp-content\/uploads\/2023\/07\/foto-recortada-de-empresario-assinar-contrato.jpg 2000w\" data-sizes=\"auto\" data-orig-sizes=\"(max-width: 700px) 100vw, 600px\" \/><\/span><\/div><\/div><\/div><div class=\"fusion-layout-column fusion_builder_column fusion-builder-column-2 fusion_builder_column_1_2 1_2 fusion-flex-column fusion-animated\" style=\"--awb-padding-bottom-medium:0px;--awb-bg-size:cover;--awb-width-large:50%;--awb-margin-top-large:20px;--awb-spacing-right-large:20px;--awb-margin-bottom-large:20px;--awb-spacing-left-large:20px;--awb-width-medium:60%;--awb-order-medium:0;--awb-spacing-right-medium:20px;--awb-spacing-left-medium:20px;--awb-width-small:100%;--awb-order-small:0;--awb-spacing-right-small:20px;--awb-spacing-left-small:20px;\" data-animationType=\"fadeInRight\" data-animationDuration=\"1.3\" data-animationOffset=\"top-into-view\"><div class=\"fusion-column-wrapper fusion-column-has-shadow fusion-flex-justify-content-flex-start fusion-content-layout-column\"><div class=\"fusion-title title fusion-title-3 fusion-sep-none fusion-title-text fusion-title-size-three\" style=\"--awb-text-color:var(--awb-color1);\"><h3 class=\"fusion-title-heading title-heading-left\" style=\"margin:0;\">Protocolo SNISS &#8211; Credim\u00e9dia<\/h3><\/div><div class=\"fusion-text fusion-text-1\" style=\"--awb-text-color:var(--awb-color1);\"><p>A <a href=\"https:\/\/www.credimedia.pt\/\">Credim\u00e9dia Corretores de Seguros<\/a>, em parceria com o <a href=\"https:\/\/www.stimpostos.pt\/social\/protocolos\/?id_areaprotocolo=76&amp;id_distritoprotocolo=0&amp;texto=&amp;sti_protocolos_search=Pesquisar\">SNISS &#8211; Sindicato Nacional da Inspe\u00e7\u00e3o da Seguran\u00e7a Social<\/a>, disponibiliza a comercializa\u00e7\u00e3o de produtos de seguros em condi\u00e7\u00f5es preferenciais.<\/p>\n<p>&nbsp;<\/p>\n<p>S\u00e3o benefici\u00e1rios do protoloco criado, os associados do Sindicato Nacional da Inspe\u00e7\u00e3o da Seguran\u00e7a Social, seus c\u00f4njuges e descendentes.<\/p>\n<\/div><div ><a class=\"fusion-button button-flat fusion-button-default-size button-default fusion-button-default button-1 fusion-button-default-span fusion-button-default-type\" target=\"_self\" href=\"https:\/\/credimedia.eu\/sniss\/sobre\/\"><span class=\"fusion-button-text\">Saber mais<\/span><\/a><\/div><\/div><\/div><\/div><\/div><div class=\"fusion-fullwidth fullwidth-box fusion-builder-row-3 fusion-flex-container has-pattern-background has-mask-background nonhundred-percent-fullwidth non-hundred-percent-height-scrolling\" style=\"--link_hover_color: var(--awb-color5);--link_color: var(--awb-color5);--awb-background-position:right top;--awb-background-blend-mode:overlay;--awb-border-color:var(--awb-color1);--awb-border-radius-top-left:0px;--awb-border-radius-top-right:0px;--awb-border-radius-bottom-right:0px;--awb-border-radius-bottom-left:0px;--awb-padding-top:40px;--awb-padding-bottom:40px;--awb-padding-top-medium:130px;--awb-padding-top-small:70px;--awb-padding-right-small:40px;--awb-padding-bottom-small:70px;--awb-padding-left-small:40px;--awb-margin-bottom-medium:0px;--awb-background-color:var(--awb-color1);--awb-flex-wrap:wrap;\" ><div class=\"fusion-builder-row fusion-row fusion-flex-align-items-center fusion-flex-content-wrap\" style=\"max-width:1248px;margin-left: calc(-4% \/ 2 );margin-right: calc(-4% \/ 2 );\"><div class=\"fusion-layout-column fusion_builder_column fusion-builder-column-3 fusion-flex-column\" style=\"--awb-bg-size:cover;--awb-width-large:45%;--awb-margin-top-large:0px;--awb-spacing-right-large:72px;--awb-margin-bottom-large:0px;--awb-spacing-left-large:4.2666666666667%;--awb-width-medium:40%;--awb-order-medium:0;--awb-spacing-right-medium:70px;--awb-spacing-left-medium:4.8%;--awb-width-small:100%;--awb-order-small:0;--awb-spacing-right-small:1.92%;--awb-margin-bottom-small:20px;--awb-spacing-left-small:1.92%;\"><div class=\"fusion-column-wrapper fusion-column-has-shadow fusion-flex-justify-content-flex-start fusion-content-layout-column\"><div class=\"fusion-image-element \" style=\"--awb-margin-bottom-small:50px;--awb-caption-title-font-family:var(--h2_typography-font-family);--awb-caption-title-font-weight:var(--h2_typography-font-weight);--awb-caption-title-font-style:var(--h2_typography-font-style);--awb-caption-title-size:var(--h2_typography-font-size);--awb-caption-title-transform:var(--h2_typography-text-transform);--awb-caption-title-line-height:var(--h2_typography-line-height);--awb-caption-title-letter-spacing:var(--h2_typography-letter-spacing);\"><span class=\" fusion-imageframe imageframe-none imageframe-2 hover-type-none fusion-animated\" style=\"--awb-animation-color:var(--awb-color5);\" data-animationType=\"revealInLeft\" data-animationDuration=\"1.3\" data-animationOffset=\"top-into-view\"><img decoding=\"async\" width=\"749\" height=\"718\" alt=\"staff-05\" title=\"Woman smiling\" src=\"data:image\/svg+xml,%3Csvg%20xmlns%3D%27http%3A%2F%2Fwww.w3.org%2F2000%2Fsvg%27%20width%3D%27749%27%20height%3D%27718%27%20viewBox%3D%270%200%20749%20718%27%3E%3Crect%20width%3D%27749%27%20height%3D%27718%27%20fill-opacity%3D%220%22%2F%3E%3C%2Fsvg%3E\" data-orig-src=\"https:\/\/credimedia.eu\/sniss\/wp-content\/uploads\/2022\/08\/staff-05.jpg\" class=\"lazyload img-responsive wp-image-694\"\/><\/span><\/div><\/div><\/div><div class=\"fusion-layout-column fusion_builder_column fusion-builder-column-4 fusion-flex-column fusion-animated\" style=\"--awb-padding-bottom-medium:0px;--awb-bg-size:cover;--awb-width-large:55%;--awb-margin-top-large:0px;--awb-spacing-right-large:3.4909090909091%;--awb-margin-bottom-large:9px;--awb-spacing-left-large:55px;--awb-width-medium:60%;--awb-order-medium:0;--awb-spacing-right-medium:3.2%;--awb-spacing-left-medium:20px;--awb-width-small:100%;--awb-order-small:0;--awb-spacing-right-small:1.92%;--awb-spacing-left-small:20px;\" data-animationType=\"fadeInRight\" data-animationDuration=\"1.3\" data-animationOffset=\"top-into-view\"><div class=\"fusion-column-wrapper fusion-column-has-shadow fusion-flex-justify-content-flex-start fusion-content-layout-column\"><div class=\"fusion-title title fusion-title-4 fusion-sep-none fusion-title-text fusion-title-size-two\" style=\"--awb-margin-top:20px;--awb-margin-bottom:30px;\"><h2 class=\"fusion-title-heading title-heading-left fusion-responsive-typography-calculated\" style=\"margin:0;--fontSize:42;line-height:var(--awb-typography1-line-height);\">Associados<\/h2><\/div><div class=\"fusion-text fusion-text-2 fusion-text-no-margin\" style=\"--awb-margin-bottom:50px;\"><p>O Protocolo, permite aos associados efetuarem diretamente atrav\u00e9s desta plataforma, pedidos de cota\u00e7\u00e3o e tamb\u00e9m, transfer\u00eancia de media\u00e7\u00e3o das suas ap\u00f3lices.<\/p>\n<\/div><div ><a class=\"fusion-button button-flat fusion-button-default-size button-default fusion-button-default button-2 fusion-button-default-span \" style=\"--button_bevel_color:var(--awb-color4);--button_bevel_color_hover:var(--awb-color4);--button_padding-top:18px;--button_padding-right:40px;--button_padding-bottom:18px;--button_padding-left:40px;\" target=\"_self\" data-hover=\"text_slide_up\" href=\"https:\/\/credimedia.eu\/sniss\/socios\/\"><div class=\"awb-button-text-transition\"><span class=\"fusion-button-text\">Saber Mais<\/span><span class=\"fusion-button-text\">Saber Mais<\/span><\/div><\/a><\/div><\/div><\/div><\/div><\/div><div class=\"fusion-fullwidth fullwidth-box fusion-builder-row-4 fusion-flex-container has-pattern-background has-mask-background fusion-parallax-none nonhundred-percent-fullwidth non-hundred-percent-height-scrolling lazyload\" style=\"--awb-border-radius-top-left:0px;--awb-border-radius-top-right:0px;--awb-border-radius-bottom-right:0px;--awb-border-radius-bottom-left:0px;--awb-background-size:cover;--awb-flex-wrap:wrap;\" data-bg=\"https:\/\/credimedia.eu\/sniss\/wp-content\/uploads\/2025\/11\/bannerSNISS-produtos.png\" ><div class=\"fusion-builder-row fusion-row fusion-flex-align-items-flex-start fusion-flex-justify-content-center fusion-flex-content-wrap\" style=\"max-width:1248px;margin-left: calc(-4% \/ 2 );margin-right: calc(-4% \/ 2 );\"><div class=\"fusion-layout-column fusion_builder_column fusion-builder-column-5 fusion_builder_column_2_3 2_3 fusion-flex-column\" style=\"--awb-padding-top:20px;--awb-padding-right:20px;--awb-padding-bottom:20px;--awb-padding-left:20px;--awb-overflow:hidden;--awb-bg-color:rgba(255,255,255,0.58);--awb-bg-color-hover:rgba(255,255,255,0.58);--awb-bg-size:cover;--awb-border-radius:15px 15px 15px 15px;--awb-width-large:66.666666666667%;--awb-margin-top-large:100px;--awb-spacing-right-large:2.88%;--awb-margin-bottom-large:100px;--awb-spacing-left-large:2.88%;--awb-width-medium:66.666666666667%;--awb-order-medium:0;--awb-spacing-right-medium:2.88%;--awb-spacing-left-medium:2.88%;--awb-width-small:100%;--awb-order-small:0;--awb-spacing-right-small:1.92%;--awb-spacing-left-small:1.92%;\"><div class=\"fusion-column-wrapper fusion-column-has-shadow fusion-flex-justify-content-flex-start fusion-content-layout-column\"><div class=\"fusion-title title fusion-title-5 fusion-sep-none fusion-title-center fusion-title-text fusion-title-size-one\" style=\"--awb-text-color:var(--awb-color8);\"><h1 class=\"fusion-title-heading title-heading-center\" style=\"margin:0;\">Produtos<\/h1><\/div><div class=\"fusion-text fusion-text-3\" style=\"--awb-font-size:20px;--awb-text-color:var(--awb-color8);\"><p style=\"text-align: center;\">Fique a conhecer todos os seguros que est\u00e3o ao abrigo do Protocolo<\/p>\n<\/div><div style=\"text-align:center;\"><a class=\"fusion-button button-flat fusion-button-default-size button-default fusion-button-default button-3 fusion-button-default-span fusion-button-default-type\" target=\"_self\" href=\"https:\/\/credimedia.eu\/sniss\/produtos\/\"><span class=\"fusion-button-text\">Saber mais<\/span><\/a><\/div><\/div><\/div><\/div><\/div><\/p>\n","protected":false},"excerpt":{"rendered":"","protected":false},"author":1,"featured_media":0,"parent":0,"menu_order":0,"comment_status":"closed","ping_status":"closed","template":"100-width.php","meta":{"footnotes":""},"class_list":["post-2174","page","type-page","status-publish","hentry"],"_links":{"self":[{"href":"https:\/\/credimedia.eu\/sniss\/wp-json\/wp\/v2\/pages\/2174","targetHints":{"allow":["GET"]}}],"collection":[{"href":"https:\/\/credimedia.eu\/sniss\/wp-json\/wp\/v2\/pages"}],"about":[{"href":"https:\/\/credimedia.eu\/sniss\/wp-json\/wp\/v2\/types\/page"}],"author":[{"embeddable":true,"href":"https:\/\/credimedia.eu\/sniss\/wp-json\/wp\/v2\/users\/1"}],"replies":[{"embeddable":true,"href":"https:\/\/credimedia.eu\/sniss\/wp-json\/wp\/v2\/comments?post=2174"}],"version-history":[{"count":24,"href":"https:\/\/credimedia.eu\/sniss\/wp-json\/wp\/v2\/pages\/2174\/revisions"}],"predecessor-version":[{"id":2418,"href":"https:\/\/credimedia.eu\/sniss\/wp-json\/wp\/v2\/pages\/2174\/revisions\/2418"}],"wp:attachment":[{"href":"https:\/\/credimedia.eu\/sniss\/wp-json\/wp\/v2\/media?parent=2174"}],"curies":[{"name":"wp","href":"https:\/\/api.w.org\/{rel}","templated":true}]}}