{"id":1906,"date":"2024-01-20T16:25:07","date_gmt":"2024-01-20T16:25:07","guid":{"rendered":"https:\/\/credimedia.eu\/portalcliente\/?page_id=1906"},"modified":"2024-01-25T17:22:48","modified_gmt":"2024-01-25T17:22:48","slug":"blog","status":"publish","type":"page","link":"https:\/\/credimedia.eu\/portalcliente\/blog\/","title":{"rendered":"Blog"},"content":{"rendered":"<p><div class=\"fusion-fullwidth fullwidth-box fusion-builder-row-1 fusion-flex-container has-pattern-background has-mask-background nonhundred-percent-fullwidth non-hundred-percent-height-scrolling\" style=\"--awb-border-radius-top-left:0px;--awb-border-radius-top-right:0px;--awb-border-radius-bottom-right:0px;--awb-border-radius-bottom-left:0px;--awb-padding-top:70px;--awb-padding-bottom:70px;--awb-margin-top:0px;--awb-background-image:linear-gradient(190deg, var(--awb-color5) 0%,var(--awb-color4) 100%);--awb-flex-wrap:wrap;\" ><div class=\"awb-background-pattern\" style=\"background-image:  url(data:image\/svg+xml;utf8,%3Csvg%20width%3D%2275%22%20height%3D%2275%22%20fill%3D%22none%22%20xmlns%3D%22http%3A%2F%2Fwww.w3.org%2F2000%2Fsvg%22%3E%3Cg%20clip-path%3D%22url%28%23prefix__clip0_43_338%29%22%3E%3Cpath%20d%3D%22M32.763-11.976c-1.05-.075-1.95.676-2.024%201.726L29.764.849c-.075%201.05.675%201.95%201.725%202.026%201.05.075%201.95-.675%202.025-1.725l.975-11.1c.075-1.05-.675-1.95-1.725-2.025l-.001-.001zM54.299%201.32a1.911%201.911%200%2000-.386.015c-.975.15-1.725%201.05-1.575%202.1l1.5%2011.025c.15.975%201.05%201.725%202.1%201.575a1.732%201.732%200%20001.575-2.1l-1.5-11.025c-.131-.853-.836-1.533-1.714-1.59zM7.369%202.54a1.809%201.809%200%2000-1.662%201.663c-.075%201.05.675%201.952%201.65%202.027l11.1%201.05c.975.15%201.95-.601%202.025-1.651.15-.975-.6-1.95-1.65-2.025l-11.1-1.05a1.642%201.642%200%2000-.363-.015v.001zM1.76%2013.017a1.824%201.824%200%2000-1.285.6l-7.65%208.101c-.75.75-.675%201.95.075%202.625s1.95.674%202.625-.076l7.651-8.099c.75-.75.674-1.95-.076-2.625a1.786%201.786%200%2000-1.34-.526zm75%200a1.824%201.824%200%2000-1.285.6l-7.65%208.101c-.75.75-.675%201.95.075%202.625s1.95.674%202.625-.076l7.651-8.099c.75-.75.674-1.95-.076-2.625a1.786%201.786%200%2000-1.34-.526zm-39.731%202.906a1.786%201.786%200%2000-1.34.527l-7.95%207.723c-.75.675-.826%201.875-.076%202.625.675.75%201.875.752%202.625.077l7.95-7.725c.75-.675.826-1.875.076-2.625a1.827%201.827%200%2000-1.285-.602zm24.639%2018.928c-.24.02-.48.085-.705.197a1.903%201.903%200%2000-.825%202.55l5.1%209.902a1.902%201.902%200%20002.55.824c.975-.45%201.276-1.574.826-2.55l-5.1-9.9c-.395-.73-1.125-1.083-1.846-1.023zm-50.37-4.862c-.372%200-.734.117-1.035.336-.825.6-1.05%201.725-.524%202.625l6.15%209.223c.6.9%201.8%201.127%202.625.526.9-.6%201.124-1.8.524-2.624l-6.15-9.226a1.911%201.911%200%2000-1.59-.86zm32.705%209.766c-.12-.006-.243%200-.365.019l-10.95%202.175c-1.05.15-1.725%201.126-1.5%202.176.15%201.05%201.126%201.725%202.176%201.5l10.95-2.175c1.05-.15%201.725-1.125%201.5-2.175a1.99%201.99%200%2000-1.811-1.52zm4.556%2012.195a1.933%201.933%200%2000-1.845.949c-.45.9-.15%202.025.75%202.55l9.75%205.4c.9.45%202.025.15%202.55-.75.525-.9.15-2.025-.75-2.55l-9.75-5.4c-.22-.11-.46-.178-.705-.199zM71.913%2058c-1.05-.075-1.875.748-1.95%201.798l-.45%2011.1c-.075%201.05.75%201.876%201.8%201.95.975%200%201.875-.75%201.95-1.8l.45-11.1c.075-1.05-.75-1.873-1.8-1.948zm-55.44%201.08c-.38.031-.741.178-1.035.42l-8.775%206.825c-.75.6-.9%201.8-.3%202.625.6.75%201.8.9%202.626.3l8.775-6.827c.75-.6.9-1.8.3-2.625a1.783%201.783%200%2000-1.591-.72v.002zm16.29%203.945c-1.05-.075-1.95.675-2.024%201.725l-.975%2011.099c-.075%201.05.675%201.95%201.725%202.026%201.05.075%201.95-.675%202.025-1.725l.975-11.102c.075-1.05-.675-1.95-1.725-2.024l-.001.001z%22%20fill%3D%22rgba%28255%2C255%2C255%2C1%29%22%2F%3E%3C%2Fg%3E%3Cdefs%3E%3CclipPath%20id%3D%22prefix__clip0_43_338%22%3E%3Cpath%20fill%3D%22%23fff%22%20d%3D%22M0%200h75v75H0z%22%2F%3E%3C%2FclipPath%3E%3C%2Fdefs%3E%3C%2Fsvg%3E);opacity: 0.05 ;background-size:80%;mix-blend-mode:normal;\"><\/div><div class=\"fusion-builder-row fusion-row fusion-flex-align-items-center fusion-flex-content-wrap\" style=\"max-width:1248px;margin-left: calc(-4% \/ 2 );margin-right: calc(-4% \/ 2 );\"><div class=\"fusion-layout-column fusion_builder_column fusion-builder-column-0 fusion_builder_column_1_2 1_2 fusion-flex-column\" style=\"--awb-bg-size:cover;--awb-width-large:50%;--awb-margin-top-large:0px;--awb-spacing-right-large:3.84%;--awb-margin-bottom-large:0px;--awb-spacing-left-large:3.84%;--awb-width-medium:50%;--awb-order-medium:0;--awb-spacing-right-medium:3.84%;--awb-spacing-left-medium:3.84%;--awb-width-small:100%;--awb-order-small:0;--awb-spacing-right-small:1.92%;--awb-margin-bottom-small:60px;--awb-spacing-left-small:1.92%;\" data-motion-effects=\"[{&quot;type&quot;:&quot;infinite&quot;,&quot;infinite_animation&quot;:&quot;float&quot;}]\" data-scroll-devices=\"medium-visibility,large-visibility\"><div class=\"fusion-column-wrapper fusion-column-has-shadow fusion-flex-justify-content-flex-start fusion-content-layout-column\"><div class=\"fusion-image-element \" style=\"--awb-caption-title-font-family:var(--h2_typography-font-family);--awb-caption-title-font-weight:var(--h2_typography-font-weight);--awb-caption-title-font-style:var(--h2_typography-font-style);--awb-caption-title-size:var(--h2_typography-font-size);--awb-caption-title-transform:var(--h2_typography-text-transform);--awb-caption-title-line-height:var(--h2_typography-line-height);--awb-caption-title-letter-spacing:var(--h2_typography-letter-spacing);\"><span class=\" fusion-imageframe imageframe-none imageframe-1 hover-type-none\"><img decoding=\"async\" width=\"2000\" height=\"1334\" title=\"mulher-de-tiro-medio-lendo-revista-digital\" src=\"https:\/\/credimedia.eu\/portalcliente\/wp-content\/uploads\/2024\/01\/mulher-de-tiro-medio-lendo-revista-digital.jpg\" alt class=\"img-responsive wp-image-1959\" srcset=\"https:\/\/credimedia.eu\/portalcliente\/wp-content\/uploads\/2024\/01\/mulher-de-tiro-medio-lendo-revista-digital-200x133.jpg 200w, https:\/\/credimedia.eu\/portalcliente\/wp-content\/uploads\/2024\/01\/mulher-de-tiro-medio-lendo-revista-digital-400x267.jpg 400w, https:\/\/credimedia.eu\/portalcliente\/wp-content\/uploads\/2024\/01\/mulher-de-tiro-medio-lendo-revista-digital-600x400.jpg 600w, https:\/\/credimedia.eu\/portalcliente\/wp-content\/uploads\/2024\/01\/mulher-de-tiro-medio-lendo-revista-digital-800x534.jpg 800w, https:\/\/credimedia.eu\/portalcliente\/wp-content\/uploads\/2024\/01\/mulher-de-tiro-medio-lendo-revista-digital-1200x800.jpg 1200w, https:\/\/credimedia.eu\/portalcliente\/wp-content\/uploads\/2024\/01\/mulher-de-tiro-medio-lendo-revista-digital.jpg 2000w\" sizes=\"(max-width: 800px) 100vw, 600px\" \/><\/span><\/div><\/div><\/div><div class=\"fusion-layout-column fusion_builder_column fusion-builder-column-1 fusion_builder_column_1_2 1_2 fusion-flex-column\" style=\"--awb-bg-size:cover;--awb-width-large:50%;--awb-margin-top-large:0px;--awb-spacing-right-large:3.84%;--awb-margin-bottom-large:0px;--awb-spacing-left-large:3.84%;--awb-width-medium:50%;--awb-order-medium:0;--awb-spacing-right-medium:3.84%;--awb-spacing-left-medium:3.84%;--awb-width-small:100%;--awb-order-small:0;--awb-spacing-right-small:1.92%;--awb-spacing-left-small:1.92%;\"><div class=\"fusion-column-wrapper fusion-column-has-shadow fusion-flex-justify-content-flex-start fusion-content-layout-column\"><div class=\"fusion-title title fusion-title-1 fusion-sep-none fusion-title-text fusion-title-size-one\" style=\"--awb-text-color:var(--awb-color1);--awb-margin-top:15px;--awb-margin-bottom:20px;\"><h1 class=\"fusion-title-heading title-heading-left\" style=\"margin:0;\">Blog<\/h1><\/div><div class=\"fusion-title title fusion-title-2 fusion-sep-none fusion-title-text fusion-title-size-two\" style=\"--awb-text-color:var(--awb-color1);--awb-margin-top:15px;--awb-margin-bottom:20px;\"><h2 class=\"fusion-title-heading title-heading-left\" style=\"margin:0;\">Fique a conhecer os nossos artigos<\/h2><\/div><div class=\"fusion-search-element fusion-search-element-1 fusion-search-form-clean\" style=\"--awb-input-height:58px;--awb-border-radius:10px;--awb-border-size-top:;--awb-border-size-right:;--awb-border-size-bottom:;--awb-border-size-left:;--awb-text-color:var(--awb-color5);--awb-border-color:#ffffff;--awb-focus-border-color:#ffffff;--awb-text-size:17px;--awb-bg-color:var(--awb-color1);\">\t\t<form role=\"search\" class=\"searchform fusion-search-form  fusion-search-form-clean\" method=\"get\" action=\"https:\/\/credimedia.eu\/portalcliente\/\">\n\t\t\t<div class=\"fusion-search-form-content\">\n\n\t\t\t\t\n\t\t\t\t<div class=\"fusion-search-field search-field\">\n\t\t\t\t\t<label><span class=\"screen-reader-text\">Pesquisar<\/span>\n\t\t\t\t\t\t\t\t\t\t\t\t\t<input type=\"search\" value=\"\" name=\"s\" class=\"s\" placeholder=\"Pesquisar artigos \" required aria-required=\"true\" aria-label=\"Pesquisar artigos \"\/>\n\t\t\t\t\t\t\t\t\t\t\t<\/label>\n\t\t\t\t<\/div>\n\t\t\t\t<div class=\"fusion-search-button search-button\">\n\t\t\t\t\t<input type=\"submit\" class=\"fusion-search-submit searchsubmit\" aria-label=\"Pesquisar\" value=\"&#xf002;\" \/>\n\t\t\t\t\t\t\t\t\t<\/div>\n\n\t\t\t\t<input type=\"hidden\" name=\"post_type[]\" value=\"any\" \/><input type=\"hidden\" name=\"search_limit_to_post_titles\" value=\"0\" \/><input type=\"hidden\" name=\"fs\" value=\"1\" \/>\n\t\t\t<\/div>\n\n\n\t\t\t\n\t\t<\/form>\n\t\t<\/div><\/div><\/div><\/div><\/div><div class=\"fusion-fullwidth fullwidth-box fusion-builder-row-2 fusion-flex-container nonhundred-percent-fullwidth non-hundred-percent-height-scrolling\" style=\"--link_hover_color: var(--awb-color4);--link_color: var(--awb-color5);--awb-border-sizes-top:0px;--awb-border-sizes-bottom:0px;--awb-border-sizes-left:0px;--awb-border-sizes-right:0px;--awb-border-radius-top-left:0px;--awb-border-radius-top-right:0px;--awb-border-radius-bottom-right:0px;--awb-border-radius-bottom-left:0px;--awb-padding-top:100px;--awb-padding-right:30px;--awb-padding-bottom:0px;--awb-padding-left:30px;--awb-padding-right-medium:80px;--awb-padding-left-medium:80px;--awb-margin-top:0px;--awb-margin-bottom:0px;--awb-background-color:#ffffff;--awb-flex-wrap:wrap;\" ><div class=\"fusion-builder-row fusion-row fusion-flex-align-items-flex-start fusion-flex-content-wrap\" style=\"max-width:1248px;margin-left: calc(-4% \/ 2 );margin-right: calc(-4% \/ 2 );\"><div class=\"fusion-layout-column fusion_builder_column fusion-builder-column-2 fusion_builder_column_1_1 1_1 fusion-flex-column\" style=\"--awb-bg-size:cover;--awb-width-large:100%;--awb-margin-top-large:0px;--awb-spacing-right-large:1.92%;--awb-margin-bottom-large:0px;--awb-spacing-left-large:1.92%;--awb-width-medium:100%;--awb-order-medium:0;--awb-spacing-right-medium:1.92%;--awb-spacing-left-medium:1.92%;--awb-width-small:100%;--awb-order-small:0;--awb-spacing-right-small:1.92%;--awb-spacing-left-small:1.92%;\"><div class=\"fusion-column-wrapper fusion-column-has-shadow fusion-flex-justify-content-flex-start fusion-content-layout-column\"><div class=\"fusion-post-cards fusion-post-cards-1 fusion-grid-archive fusion-grid-columns-3\" style=\"--awb-column-spacing:10px;--awb-dots-align:center;--awb-columns:3;--awb-active-filter-border-size:3px;--awb-filters-height:36px;--awb-row-spacing:10px;\"><ul class=\"fusion-grid fusion-grid-3 fusion-flex-align-items-flex-start fusion-grid-posts-cards fusion-grid-container-infinite\" data-pages=\"1\"><li class=\"fusion-layout-column fusion_builder_column fusion-builder-column-3 fusion-flex-column post-card fusion-grid-column fusion-post-cards-grid-column\" style=\"--awb-padding-bottom:40px;--awb-bg-color:rgba(209,209,209,0.2);--awb-bg-color-hover:rgba(209,209,209,0.2);--awb-bg-blend:overlay;--awb-bg-size:cover;\"><div class=\"fusion-column-wrapper fusion-column-has-shadow fusion-flex-justify-content-flex-start fusion-content-layout-column\"><div class=\"fusion-image-element \" style=\"--awb-margin-bottom:40px;--awb-caption-title-color:#ffffff;--awb-caption-text-color:#ffffff;--awb-caption-overlay-color:#080f35;--awb-caption-background-color:#303fdd;--awb-caption-title-font-family:var(--h2_typography-font-family);--awb-caption-title-font-weight:var(--h2_typography-font-weight);--awb-caption-title-font-style:var(--h2_typography-font-style);--awb-caption-title-size:var(--h2_typography-font-size);--awb-caption-title-transform:var(--h2_typography-text-transform);--awb-caption-title-line-height:var(--h2_typography-line-height);--awb-caption-title-letter-spacing:var(--h2_typography-letter-spacing);\"><span class=\" fusion-imageframe imageframe-none imageframe-2 hover-type-none\"><a class=\"fusion-no-lightbox\" href=\"https:\/\/credimedia.eu\/portalcliente\/seguro-vida-credito-habitacao\/\" target=\"_self\" aria-label=\"Blog-SVHcapa\"><img decoding=\"async\" width=\"2000\" height=\"1335\" alt=\"Seguro de vida do cr\u00e9dito habita\u00e7\u00e3o: o que precisa de saber?\" src=\"https:\/\/credimedia.eu\/portalcliente\/wp-content\/uploads\/2024\/01\/Blog-SVHcapa.png\" class=\"img-responsive wp-image-1993\" srcset=\"https:\/\/credimedia.eu\/portalcliente\/wp-content\/uploads\/2024\/01\/Blog-SVHcapa-200x134.png 200w, https:\/\/credimedia.eu\/portalcliente\/wp-content\/uploads\/2024\/01\/Blog-SVHcapa-400x267.png 400w, https:\/\/credimedia.eu\/portalcliente\/wp-content\/uploads\/2024\/01\/Blog-SVHcapa-600x401.png 600w, https:\/\/credimedia.eu\/portalcliente\/wp-content\/uploads\/2024\/01\/Blog-SVHcapa-800x534.png 800w, https:\/\/credimedia.eu\/portalcliente\/wp-content\/uploads\/2024\/01\/Blog-SVHcapa.png 2000w\" sizes=\"(max-width: 800px) 100vw, 2000px\" \/><\/a><\/span><\/div><div class=\"fusion-title title fusion-title-3 fusion-sep-none fusion-title-text fusion-title-size-four\" style=\"--awb-text-color:#080f35;--awb-margin-right:40px;--awb-margin-bottom:10px;--awb-margin-left:30px;--awb-margin-right-small:30px;--awb-margin-left-small:30px;--awb-link-color:var(--awb-color5);--awb-font-size:22px;\"><h4 class=\"fusion-title-heading title-heading-left fusion-responsive-typography-calculated\" style=\"font-family:&quot;Lora&quot;;font-style:normal;font-weight:400;margin:0;font-size:1em;text-transform:var(--awb-typography1-text-transform);--fontSize:22;--minFontSize:22;line-height:1.2;\"><a href=\"https:\/\/credimedia.eu\/portalcliente\/seguro-vida-credito-habitacao\/\" class=\"awb-custom-text-color awb-custom-text-hover-color\" target=\"_self\">Seguro de vida do cr\u00e9dito habita\u00e7\u00e3o: o que precisa de saber?<\/a><\/h4><\/div><div class=\"fusion-separator fusion-full-width-sep\" style=\"align-self: center;margin-left: auto;margin-right: auto;flex-grow:2;width:100%;\"><div class=\"fusion-separator-border sep-single sep-solid\" style=\"--awb-height:20px;--awb-amount:20px;border-color:var(--awb-color3);border-top-width:0px;\"><\/div><\/div><\/div><\/li>\n<li class=\"fusion-layout-column fusion_builder_column fusion-builder-column-4 fusion-flex-column post-card fusion-grid-column fusion-post-cards-grid-column\" style=\"--awb-padding-bottom:40px;--awb-bg-color:rgba(209,209,209,0.2);--awb-bg-color-hover:rgba(209,209,209,0.2);--awb-bg-blend:overlay;--awb-bg-size:cover;\"><div class=\"fusion-column-wrapper fusion-column-has-shadow fusion-flex-justify-content-flex-start fusion-content-layout-column\"><div class=\"fusion-image-element \" style=\"--awb-margin-bottom:40px;--awb-caption-title-color:#ffffff;--awb-caption-text-color:#ffffff;--awb-caption-overlay-color:#080f35;--awb-caption-background-color:#303fdd;--awb-caption-title-font-family:var(--h2_typography-font-family);--awb-caption-title-font-weight:var(--h2_typography-font-weight);--awb-caption-title-font-style:var(--h2_typography-font-style);--awb-caption-title-size:var(--h2_typography-font-size);--awb-caption-title-transform:var(--h2_typography-text-transform);--awb-caption-title-line-height:var(--h2_typography-line-height);--awb-caption-title-letter-spacing:var(--h2_typography-letter-spacing);\"><span class=\" fusion-imageframe imageframe-none imageframe-3 hover-type-none\"><a class=\"fusion-no-lightbox\" href=\"https:\/\/credimedia.eu\/portalcliente\/seguros-capitalizacao\/\" target=\"_self\" aria-label=\"Sseguro-vida-credito habita\u00e7\u00e3o\"><img decoding=\"async\" width=\"2000\" height=\"1335\" src=\"https:\/\/credimedia.eu\/portalcliente\/wp-content\/uploads\/2024\/01\/Blog-SC_capa.png\" alt class=\"img-responsive wp-image-1998\" srcset=\"https:\/\/credimedia.eu\/portalcliente\/wp-content\/uploads\/2024\/01\/Blog-SC_capa-200x134.png 200w, https:\/\/credimedia.eu\/portalcliente\/wp-content\/uploads\/2024\/01\/Blog-SC_capa-400x267.png 400w, https:\/\/credimedia.eu\/portalcliente\/wp-content\/uploads\/2024\/01\/Blog-SC_capa-600x401.png 600w, https:\/\/credimedia.eu\/portalcliente\/wp-content\/uploads\/2024\/01\/Blog-SC_capa-800x534.png 800w, https:\/\/credimedia.eu\/portalcliente\/wp-content\/uploads\/2024\/01\/Blog-SC_capa-1200x801.png 1200w, https:\/\/credimedia.eu\/portalcliente\/wp-content\/uploads\/2024\/01\/Blog-SC_capa.png 2000w\" sizes=\"(max-width: 800px) 100vw, 2000px\" \/><\/a><\/span><\/div><div class=\"fusion-title title fusion-title-4 fusion-sep-none fusion-title-text fusion-title-size-four\" style=\"--awb-text-color:#080f35;--awb-margin-right:40px;--awb-margin-bottom:10px;--awb-margin-left:30px;--awb-margin-right-small:30px;--awb-margin-left-small:30px;--awb-link-color:var(--awb-color5);--awb-font-size:22px;\"><h4 class=\"fusion-title-heading title-heading-left fusion-responsive-typography-calculated\" style=\"font-family:&quot;Lora&quot;;font-style:normal;font-weight:400;margin:0;font-size:1em;text-transform:var(--awb-typography1-text-transform);--fontSize:22;--minFontSize:22;line-height:1.2;\"><a href=\"https:\/\/credimedia.eu\/portalcliente\/seguros-capitalizacao\/\" class=\"awb-custom-text-color awb-custom-text-hover-color\" target=\"_self\">Seguros de Capitaliza\u00e7\u00e3o: a chave para rentabilizar poupan\u00e7as<\/a><\/h4><\/div><div class=\"fusion-separator fusion-full-width-sep\" style=\"align-self: center;margin-left: auto;margin-right: auto;flex-grow:2;width:100%;\"><div class=\"fusion-separator-border sep-single sep-solid\" style=\"--awb-height:20px;--awb-amount:20px;border-color:var(--awb-color3);border-top-width:0px;\"><\/div><\/div><\/div><\/li>\n<\/ul><\/div><\/div><\/div><\/div><\/div><\/p>\n","protected":false},"excerpt":{"rendered":"","protected":false},"author":1,"featured_media":0,"parent":0,"menu_order":0,"comment_status":"closed","ping_status":"closed","template":"100-width.php","meta":{"footnotes":""},"class_list":["post-1906","page","type-page","status-publish","hentry"],"yoast_head":"<!-- This site is optimized with the Yoast SEO plugin v24.3 - https:\/\/yoast.com\/wordpress\/plugins\/seo\/ -->\n<title>Blog - Portal do Cliente<\/title>\n<meta name=\"robots\" content=\"index, follow, max-snippet:-1, max-image-preview:large, max-video-preview:-1\" \/>\n<link rel=\"canonical\" href=\"https:\/\/credimedia.eu\/portalcliente\/blog\/\" \/>\n<meta property=\"og:locale\" content=\"pt_PT\" \/>\n<meta property=\"og:type\" content=\"article\" \/>\n<meta property=\"og:title\" content=\"Blog - Portal do Cliente\" \/>\n<meta property=\"og:url\" content=\"https:\/\/credimedia.eu\/portalcliente\/blog\/\" \/>\n<meta property=\"og:site_name\" content=\"Portal do Cliente\" \/>\n<meta property=\"article:modified_time\" content=\"2024-01-25T17:22:48+00:00\" \/>\n<meta name=\"twitter:card\" content=\"summary_large_image\" \/>\n<meta name=\"twitter:label1\" content=\"Tempo estimado de leitura\" \/>\n\t<meta name=\"twitter:data1\" content=\"9 minutos\" \/>\n<script type=\"application\/ld+json\" class=\"yoast-schema-graph\">{\"@context\":\"https:\/\/schema.org\",\"@graph\":[{\"@type\":\"WebPage\",\"@id\":\"https:\/\/credimedia.eu\/portalcliente\/blog\/\",\"url\":\"https:\/\/credimedia.eu\/portalcliente\/blog\/\",\"name\":\"Blog - Portal do Cliente\",\"isPartOf\":{\"@id\":\"https:\/\/credimedia.eu\/portalcliente\/#website\"},\"datePublished\":\"2024-01-20T16:25:07+00:00\",\"dateModified\":\"2024-01-25T17:22:48+00:00\",\"breadcrumb\":{\"@id\":\"https:\/\/credimedia.eu\/portalcliente\/blog\/#breadcrumb\"},\"inLanguage\":\"pt-PT\",\"potentialAction\":[{\"@type\":\"ReadAction\",\"target\":[\"https:\/\/credimedia.eu\/portalcliente\/blog\/\"]}]},{\"@type\":\"BreadcrumbList\",\"@id\":\"https:\/\/credimedia.eu\/portalcliente\/blog\/#breadcrumb\",\"itemListElement\":[{\"@type\":\"ListItem\",\"position\":1,\"name\":\"In\u00edcio\",\"item\":\"https:\/\/credimedia.eu\/portalcliente\/\"},{\"@type\":\"ListItem\",\"position\":2,\"name\":\"Blog\"}]},{\"@type\":\"WebSite\",\"@id\":\"https:\/\/credimedia.eu\/portalcliente\/#website\",\"url\":\"https:\/\/credimedia.eu\/portalcliente\/\",\"name\":\"Portal do Cliente\",\"description\":\"Grupo Credim\u00e9dia\",\"potentialAction\":[{\"@type\":\"SearchAction\",\"target\":{\"@type\":\"EntryPoint\",\"urlTemplate\":\"https:\/\/credimedia.eu\/portalcliente\/?s={search_term_string}\"},\"query-input\":{\"@type\":\"PropertyValueSpecification\",\"valueRequired\":true,\"valueName\":\"search_term_string\"}}],\"inLanguage\":\"pt-PT\"}]}<\/script>\n<!-- \/ Yoast SEO plugin. -->","yoast_head_json":{"title":"Blog - Portal do Cliente","robots":{"index":"index","follow":"follow","max-snippet":"max-snippet:-1","max-image-preview":"max-image-preview:large","max-video-preview":"max-video-preview:-1"},"canonical":"https:\/\/credimedia.eu\/portalcliente\/blog\/","og_locale":"pt_PT","og_type":"article","og_title":"Blog - Portal do Cliente","og_url":"https:\/\/credimedia.eu\/portalcliente\/blog\/","og_site_name":"Portal do Cliente","article_modified_time":"2024-01-25T17:22:48+00:00","twitter_card":"summary_large_image","twitter_misc":{"Tempo estimado de leitura":"9 minutos"},"schema":{"@context":"https:\/\/schema.org","@graph":[{"@type":"WebPage","@id":"https:\/\/credimedia.eu\/portalcliente\/blog\/","url":"https:\/\/credimedia.eu\/portalcliente\/blog\/","name":"Blog - Portal do Cliente","isPartOf":{"@id":"https:\/\/credimedia.eu\/portalcliente\/#website"},"datePublished":"2024-01-20T16:25:07+00:00","dateModified":"2024-01-25T17:22:48+00:00","breadcrumb":{"@id":"https:\/\/credimedia.eu\/portalcliente\/blog\/#breadcrumb"},"inLanguage":"pt-PT","potentialAction":[{"@type":"ReadAction","target":["https:\/\/credimedia.eu\/portalcliente\/blog\/"]}]},{"@type":"BreadcrumbList","@id":"https:\/\/credimedia.eu\/portalcliente\/blog\/#breadcrumb","itemListElement":[{"@type":"ListItem","position":1,"name":"In\u00edcio","item":"https:\/\/credimedia.eu\/portalcliente\/"},{"@type":"ListItem","position":2,"name":"Blog"}]},{"@type":"WebSite","@id":"https:\/\/credimedia.eu\/portalcliente\/#website","url":"https:\/\/credimedia.eu\/portalcliente\/","name":"Portal do Cliente","description":"Grupo Credim\u00e9dia","potentialAction":[{"@type":"SearchAction","target":{"@type":"EntryPoint","urlTemplate":"https:\/\/credimedia.eu\/portalcliente\/?s={search_term_string}"},"query-input":{"@type":"PropertyValueSpecification","valueRequired":true,"valueName":"search_term_string"}}],"inLanguage":"pt-PT"}]}},"_links":{"self":[{"href":"https:\/\/credimedia.eu\/portalcliente\/wp-json\/wp\/v2\/pages\/1906","targetHints":{"allow":["GET"]}}],"collection":[{"href":"https:\/\/credimedia.eu\/portalcliente\/wp-json\/wp\/v2\/pages"}],"about":[{"href":"https:\/\/credimedia.eu\/portalcliente\/wp-json\/wp\/v2\/types\/page"}],"author":[{"embeddable":true,"href":"https:\/\/credimedia.eu\/portalcliente\/wp-json\/wp\/v2\/users\/1"}],"replies":[{"embeddable":true,"href":"https:\/\/credimedia.eu\/portalcliente\/wp-json\/wp\/v2\/comments?post=1906"}],"version-history":[{"count":14,"href":"https:\/\/credimedia.eu\/portalcliente\/wp-json\/wp\/v2\/pages\/1906\/revisions"}],"predecessor-version":[{"id":2007,"href":"https:\/\/credimedia.eu\/portalcliente\/wp-json\/wp\/v2\/pages\/1906\/revisions\/2007"}],"wp:attachment":[{"href":"https:\/\/credimedia.eu\/portalcliente\/wp-json\/wp\/v2\/media?parent=1906"}],"curies":[{"name":"wp","href":"https:\/\/api.w.org\/{rel}","templated":true}]}}