{"id":1004,"date":"2023-05-12T14:10:44","date_gmt":"2023-05-12T14:10:44","guid":{"rendered":"https:\/\/credimedia.eu\/portalcliente\/?page_id=1004"},"modified":"2023-10-03T16:08:43","modified_gmt":"2023-10-03T16:08:43","slug":"transferencias-mediacao","status":"publish","type":"page","link":"https:\/\/credimedia.eu\/portalcliente\/transferencias-mediacao\/","title":{"rendered":"Transfer\u00eancias de Media\u00e7\u00e3o"},"content":{"rendered":"<div class=\"fusion-fullwidth fullwidth-box fusion-builder-row-1 fusion-flex-container has-pattern-background has-mask-background nonhundred-percent-fullwidth non-hundred-percent-height-scrolling\" style=\"--awb-border-radius-top-left:0px;--awb-border-radius-top-right:0px;--awb-border-radius-bottom-right:0px;--awb-border-radius-bottom-left:0px;--awb-flex-wrap:wrap;\" ><div class=\"fusion-builder-row fusion-row fusion-flex-align-items-flex-start fusion-flex-content-wrap\" style=\"max-width:1248px;margin-left: calc(-4% \/ 2 );margin-right: calc(-4% \/ 2 );\"><div class=\"fusion-layout-column fusion_builder_column fusion-builder-column-0 fusion_builder_column_2_5 2_5 fusion-flex-column\" style=\"--awb-bg-size:cover;--awb-width-large:40%;--awb-margin-top-large:0px;--awb-spacing-right-large:4.8%;--awb-margin-bottom-large:0px;--awb-spacing-left-large:4.8%;--awb-width-medium:40%;--awb-order-medium:0;--awb-spacing-right-medium:4.8%;--awb-spacing-left-medium:4.8%;--awb-width-small:100%;--awb-order-small:0;--awb-spacing-right-small:1.92%;--awb-spacing-left-small:1.92%;\"><div class=\"fusion-column-wrapper fusion-column-has-shadow fusion-flex-justify-content-flex-start fusion-content-layout-column\"><div class=\"fusion-image-element \" style=\"--awb-caption-title-font-family:var(--h2_typography-font-family);--awb-caption-title-font-weight:var(--h2_typography-font-weight);--awb-caption-title-font-style:var(--h2_typography-font-style);--awb-caption-title-size:var(--h2_typography-font-size);--awb-caption-title-transform:var(--h2_typography-text-transform);--awb-caption-title-line-height:var(--h2_typography-line-height);--awb-caption-title-letter-spacing:var(--h2_typography-letter-spacing);\"><span class=\" fusion-imageframe imageframe-none imageframe-1 hover-type-none\"><img decoding=\"async\" width=\"2000\" height=\"1333\" title=\"hr-aperto-de-mao-bem-sucedido-candidato-sendo-contratado-no-novo-emprego-closeup\" src=\"https:\/\/credimedia.eu\/portalcliente\/wp-content\/uploads\/2023\/10\/hr-aperto-de-mao-bem-sucedido-candidato-sendo-contratado-no-novo-emprego-closeup.jpg\" alt class=\"img-responsive wp-image-1823\" srcset=\"https:\/\/credimedia.eu\/portalcliente\/wp-content\/uploads\/2023\/10\/hr-aperto-de-mao-bem-sucedido-candidato-sendo-contratado-no-novo-emprego-closeup-200x133.jpg 200w, https:\/\/credimedia.eu\/portalcliente\/wp-content\/uploads\/2023\/10\/hr-aperto-de-mao-bem-sucedido-candidato-sendo-contratado-no-novo-emprego-closeup-400x267.jpg 400w, https:\/\/credimedia.eu\/portalcliente\/wp-content\/uploads\/2023\/10\/hr-aperto-de-mao-bem-sucedido-candidato-sendo-contratado-no-novo-emprego-closeup-600x400.jpg 600w, https:\/\/credimedia.eu\/portalcliente\/wp-content\/uploads\/2023\/10\/hr-aperto-de-mao-bem-sucedido-candidato-sendo-contratado-no-novo-emprego-closeup-800x533.jpg 800w, https:\/\/credimedia.eu\/portalcliente\/wp-content\/uploads\/2023\/10\/hr-aperto-de-mao-bem-sucedido-candidato-sendo-contratado-no-novo-emprego-closeup-1200x800.jpg 1200w, https:\/\/credimedia.eu\/portalcliente\/wp-content\/uploads\/2023\/10\/hr-aperto-de-mao-bem-sucedido-candidato-sendo-contratado-no-novo-emprego-closeup.jpg 2000w\" sizes=\"(max-width: 800px) 100vw, 600px\" \/><\/span><\/div><div class=\"fusion-title title fusion-title-1 fusion-sep-none fusion-title-text fusion-title-size-one\"><h1 class=\"fusion-title-heading title-heading-left\" style=\"margin:0;\">Pedido de Transfer\u00eancia de Media\u00e7\u00e3o<\/h1><\/div><div class=\"fusion-text fusion-text-1\"><p>Sabia que pode trocar a sua media\u00e7\u00e3o de seguros para a Credim\u00e9dia?<\/p>\n<p>Para isso basta fazer o seu pedido preenchendo o formul\u00e1rio com os seus elementos, para depois lhe enviarmos a carta(s) de transfer\u00eancia de media\u00e7\u00e3o.<\/p>\n<\/div><\/div><\/div><div class=\"fusion-layout-column fusion_builder_column fusion-builder-column-1 fusion_builder_column_3_5 3_5 fusion-flex-column fusion-flex-align-self-stretch\" style=\"--awb-bg-size:cover;--awb-width-large:60%;--awb-margin-top-large:0px;--awb-spacing-right-large:3.2%;--awb-margin-bottom-large:0px;--awb-spacing-left-large:3.2%;--awb-width-medium:60%;--awb-order-medium:0;--awb-spacing-right-medium:3.2%;--awb-spacing-left-medium:3.2%;--awb-width-small:100%;--awb-order-small:0;--awb-spacing-right-small:1.92%;--awb-spacing-left-small:1.92%;\"><div class=\"fusion-column-wrapper fusion-column-has-shadow fusion-flex-justify-content-center fusion-content-layout-column\"><div class=\"fusion-text fusion-text-2\"><p style=\"text-align: center;\"><strong>Formul\u00e1rio Pedido de Transfer\u00eancia de Media\u00e7\u00e3o<\/strong><\/p>\n<\/div><div class=\"fusion-form fusion-form-builder fusion-form-form-wrapper fusion-form-1822\" style=\"--awb-tooltip-text-color:#ffffff;--awb-tooltip-background-color:#333333;--awb-field-margin-top:0px;--awb-field-margin-bottom:6px;\" data-form-id=\"1822\" data-config=\"{&quot;form_id&quot;:&quot;1822&quot;,&quot;form_post_id&quot;:&quot;1822&quot;,&quot;post_id&quot;:1004,&quot;form_type&quot;:&quot;ajax&quot;,&quot;confirmation_type&quot;:&quot;message&quot;,&quot;redirect_url&quot;:&quot;&quot;,&quot;field_labels&quot;:{&quot;nome&quot;:&quot;&quot;,&quot;nif&quot;:&quot;&quot;,&quot;contacto-telefonico&quot;:&quot;&quot;,&quot;email&quot;:&quot;&quot;,&quot;Ap\\u00f3lices&quot;:&quot;&quot;,&quot;consentimento&quot;:&quot;&quot;},&quot;field_logics&quot;:{&quot;nome&quot;:&quot;&quot;,&quot;nif&quot;:&quot;&quot;,&quot;contacto-telefonico&quot;:&quot;&quot;,&quot;email&quot;:&quot;&quot;,&quot;Ap\\u00f3lices&quot;:&quot;&quot;,&quot;consentimento&quot;:&quot;&quot;,&quot;notice_1&quot;:&quot;&quot;},&quot;field_types&quot;:{&quot;nome&quot;:&quot;text&quot;,&quot;nif&quot;:&quot;text&quot;,&quot;contacto-telefonico&quot;:&quot;phone_number&quot;,&quot;email&quot;:&quot;email&quot;,&quot;Ap\\u00f3lices&quot;:&quot;textarea&quot;,&quot;consentimento&quot;:&quot;consent&quot;,&quot;notice_1&quot;:&quot;notice&quot;,&quot;submit_1&quot;:&quot;submit&quot;},&quot;nonce_method&quot;:&quot;ajax&quot;}\"><form action=\"https:\/\/credimedia.eu\/portalcliente\/transferencias-mediacao\/\" method=\"post\" class=\"fusion-form fusion-form-1822\"><div class=\"fusion-fullwidth fullwidth-box fusion-builder-row-1-1 fusion-flex-container has-pattern-background has-mask-background nonhundred-percent-fullwidth non-hundred-percent-height-scrolling\" style=\"--awb-border-radius-top-left:0px;--awb-border-radius-top-right:0px;--awb-border-radius-bottom-right:0px;--awb-border-radius-bottom-left:0px;--awb-flex-wrap:wrap;\" ><div class=\"fusion-builder-row fusion-row fusion-flex-align-items-flex-start fusion-flex-content-wrap\" style=\"width:104% !important;max-width:104% !important;margin-left: calc(-4% \/ 2 );margin-right: calc(-4% \/ 2 );\"><div class=\"fusion-layout-column fusion_builder_column fusion-builder-column-2 fusion_builder_column_1_1 1_1 fusion-flex-column\" style=\"--awb-bg-size:cover;--awb-width-large:100%;--awb-margin-top-large:0px;--awb-spacing-right-large:1.92%;--awb-margin-bottom-large:0px;--awb-spacing-left-large:1.92%;--awb-width-medium:100%;--awb-order-medium:0;--awb-spacing-right-medium:1.92%;--awb-spacing-left-medium:1.92%;--awb-width-small:100%;--awb-order-small:0;--awb-spacing-right-small:1.92%;--awb-spacing-left-small:1.92%;\"><div class=\"fusion-column-wrapper fusion-column-has-shadow fusion-flex-justify-content-flex-start fusion-content-layout-column\"><div class=\"fusion-form-field fusion-form-text-field fusion-form-label-above\" style=\"\" data-form-id=\"1822\"><input type=\"text\" name=\"nome\" id=\"nome\" value=\"\"  class=\"fusion-form-input\" required=\"true\" aria-required=\"true\" placeholder=\"Nome Completo*\" data-holds-private-data=\"false\" minlength=\"0\"\/><\/div><\/div><\/div><\/div><\/div><div class=\"fusion-fullwidth fullwidth-box fusion-builder-row-1-2 fusion-flex-container has-pattern-background has-mask-background nonhundred-percent-fullwidth non-hundred-percent-height-scrolling\" style=\"--awb-border-radius-top-left:0px;--awb-border-radius-top-right:0px;--awb-border-radius-bottom-right:0px;--awb-border-radius-bottom-left:0px;--awb-flex-wrap:wrap;\" ><div class=\"fusion-builder-row fusion-row fusion-flex-align-items-flex-start fusion-flex-content-wrap\" style=\"width:104% !important;max-width:104% !important;margin-left: calc(-4% \/ 2 );margin-right: calc(-4% \/ 2 );\"><div class=\"fusion-layout-column fusion_builder_column fusion-builder-column-3 fusion_builder_column_1_2 1_2 fusion-flex-column\" style=\"--awb-bg-size:cover;--awb-width-large:50%;--awb-margin-top-large:0px;--awb-spacing-right-large:3px;--awb-margin-bottom-large:0px;--awb-spacing-left-large:3.84%;--awb-width-medium:50%;--awb-order-medium:0;--awb-spacing-right-medium:3px;--awb-spacing-left-medium:3.84%;--awb-width-small:100%;--awb-order-small:0;--awb-spacing-right-small:1.92%;--awb-spacing-left-small:1.92%;\"><div class=\"fusion-column-wrapper fusion-column-has-shadow fusion-flex-justify-content-flex-start fusion-content-layout-column\"><div class=\"fusion-form-field fusion-form-text-field fusion-form-label-above\" style=\"\" data-form-id=\"1822\"><input type=\"text\" name=\"nif\" id=\"nif\" value=\"\"  class=\"fusion-form-input\" required=\"true\" aria-required=\"true\" placeholder=\"NIF ou NIPC*\" data-holds-private-data=\"false\" minlength=\"0\"\/><\/div><\/div><\/div><div class=\"fusion-layout-column fusion_builder_column fusion-builder-column-4 fusion_builder_column_1_2 1_2 fusion-flex-column\" style=\"--awb-bg-size:cover;--awb-width-large:50%;--awb-margin-top-large:0px;--awb-spacing-right-large:3.84%;--awb-margin-bottom-large:0px;--awb-spacing-left-large:3px;--awb-width-medium:50%;--awb-order-medium:0;--awb-spacing-right-medium:3.84%;--awb-spacing-left-medium:3px;--awb-width-small:100%;--awb-order-small:0;--awb-spacing-right-small:1.92%;--awb-spacing-left-small:1.92%;\"><div class=\"fusion-column-wrapper fusion-column-has-shadow fusion-flex-justify-content-flex-start fusion-content-layout-column\"><div class=\"fusion-form-field fusion-form-phone-number-field fusion-form-label-above\" style=\"\" data-form-id=\"1822\"><input type=\"tel\" name=\"contacto-telefonico\" id=\"contacto-telefonico\" value=\"\"  class=\"fusion-form-input\" required=\"true\" aria-required=\"true\" placeholder=\"Contacto Telef\u00f3nico*\" data-holds-private-data=\"false\"\/><\/div><\/div><\/div><div class=\"fusion-layout-column fusion_builder_column fusion-builder-column-5 fusion_builder_column_1_1 1_1 fusion-flex-column\" style=\"--awb-bg-size:cover;--awb-width-large:100%;--awb-margin-top-large:0px;--awb-spacing-right-large:1.92%;--awb-margin-bottom-large:0px;--awb-spacing-left-large:1.92%;--awb-width-medium:100%;--awb-order-medium:0;--awb-spacing-right-medium:1.92%;--awb-spacing-left-medium:1.92%;--awb-width-small:100%;--awb-order-small:0;--awb-spacing-right-small:1.92%;--awb-spacing-left-small:1.92%;\"><div class=\"fusion-column-wrapper fusion-column-has-shadow fusion-flex-justify-content-flex-start fusion-content-layout-column\"><div class=\"fusion-form-field fusion-form-email-field fusion-form-label-above\" style=\"\" data-form-id=\"1822\"><input type=\"email\" name=\"email\" id=\"email\" value=\"\"  class=\"fusion-form-input\" required=\"true\" aria-required=\"true\" placeholder=\"E-mail*\" data-holds-private-data=\"false\"\/><\/div><div class=\"fusion-form-field fusion-form-textarea-field fusion-form-label-above\" style=\"\" data-form-id=\"1822\"><textarea cols=\"40\"  minlength=\"0\"  rows=\"4\" tabindex=\"\" id=\"Ap\u00f3lices\" name=\"Ap\u00f3lices\" class=\"fusion-form-input\" placeholder=\"Ap\u00f3lice(s) a transferir, indique a(s) Seguradora(s) e n\u00famero(s) de ap\u00f3lice(s).\" data-holds-private-data=\"false\"><\/textarea><\/div><div class=\"fusion-form-field fusion-form-consent-field fusion-form-label-above\" style=\"\" data-form-id=\"1822\"><div class=\"fusion-form-checkbox option-inline\"><input tabindex=\"\" id=\"consentimento\" type=\"checkbox\" value=\"1\" name=\"consentimento\" class=\"fusion-form-input\" required=\"true\" aria-required=\"true\"\/><label for=\"consentimento\">Autorizo a utiliza\u00e7\u00e3o dos dados fornecidos nos termos aqui definidos e para os fins expostos.<\/label><\/div><\/div><div class=\"form-submission-notices data-notice_1\" id=\"fusion-notices-1\"><div class=\"fusion-alert alert success alert-success fusion-alert-center fusion-form-response fusion-form-response-success awb-alert-native-link-color alert-dismissable awb-alert-close-boxed\" role=\"alert\"><div class=\"fusion-alert-content-wrapper\"><span class=\"alert-icon\"><i class=\"awb-icon-check-circle\" aria-hidden=\"true\"><\/i><\/span><span class=\"fusion-alert-content\">O seu pedido foi enviado com sucesso.<\/span><\/div><button type=\"button\" class=\"close toggle-alert\" data-dismiss=\"alert\" aria-label=\"Close\">&times;<\/button><\/div><div class=\"fusion-alert alert error alert-danger fusion-alert-center fusion-form-response fusion-form-response-error awb-alert-native-link-color alert-dismissable awb-alert-close-boxed\" role=\"alert\"><div class=\"fusion-alert-content-wrapper\"><span class=\"alert-icon\"><i class=\"awb-icon-exclamation-triangle\" aria-hidden=\"true\"><\/i><\/span><span class=\"fusion-alert-content\">Ocorreu um erro no envio do seu pedido, tente novamente ou contacte-nos pelos meios alternativos.<\/span><\/div><button type=\"button\" class=\"close toggle-alert\" data-dismiss=\"alert\" aria-label=\"Close\">&times;<\/button><\/div><\/div><div class=\"fusion-form-field fusion-form-submit-field fusion-form-label-above\" style=\"\" data-form-id=\"1822\"><div ><button type=\"submit\" class=\"fusion-button button-flat fusion-button-default-size button-default fusion-button-default button-1 fusion-button-span-yes  form-form-submit button-default\" data-form-number=\"1822\" tabindex=\"\"><span class=\"fusion-button-text\">Enviar pedido<\/span><\/button><\/div><\/div><\/div><\/div><\/div><\/div><\/form><\/div><\/div><\/div><\/div><\/div>\n","protected":false},"excerpt":{"rendered":"","protected":false},"author":1,"featured_media":0,"parent":0,"menu_order":0,"comment_status":"closed","ping_status":"closed","template":"100-width.php","meta":{"footnotes":""},"class_list":["post-1004","page","type-page","status-publish","hentry"],"yoast_head":"<!-- This site is optimized with the Yoast SEO plugin v24.3 - https:\/\/yoast.com\/wordpress\/plugins\/seo\/ -->\n<title>Transfer\u00eancias de Media\u00e7\u00e3o - Portal do Cliente<\/title>\n<meta name=\"robots\" content=\"index, follow, max-snippet:-1, max-image-preview:large, max-video-preview:-1\" \/>\n<link rel=\"canonical\" href=\"https:\/\/credimedia.eu\/portalcliente\/transferencias-mediacao\/\" \/>\n<meta property=\"og:locale\" content=\"pt_PT\" \/>\n<meta property=\"og:type\" content=\"article\" \/>\n<meta property=\"og:title\" content=\"Transfer\u00eancias de Media\u00e7\u00e3o - Portal do Cliente\" \/>\n<meta property=\"og:url\" content=\"https:\/\/credimedia.eu\/portalcliente\/transferencias-mediacao\/\" \/>\n<meta property=\"og:site_name\" content=\"Portal do Cliente\" \/>\n<meta property=\"article:modified_time\" content=\"2023-10-03T16:08:43+00:00\" \/>\n<meta name=\"twitter:card\" content=\"summary_large_image\" \/>\n<meta name=\"twitter:label1\" content=\"Tempo estimado de leitura\" \/>\n\t<meta name=\"twitter:data1\" content=\"5 minutos\" \/>\n<script type=\"application\/ld+json\" class=\"yoast-schema-graph\">{\"@context\":\"https:\/\/schema.org\",\"@graph\":[{\"@type\":\"WebPage\",\"@id\":\"https:\/\/credimedia.eu\/portalcliente\/transferencias-mediacao\/\",\"url\":\"https:\/\/credimedia.eu\/portalcliente\/transferencias-mediacao\/\",\"name\":\"Transfer\u00eancias de Media\u00e7\u00e3o - Portal do Cliente\",\"isPartOf\":{\"@id\":\"https:\/\/credimedia.eu\/portalcliente\/#website\"},\"datePublished\":\"2023-05-12T14:10:44+00:00\",\"dateModified\":\"2023-10-03T16:08:43+00:00\",\"breadcrumb\":{\"@id\":\"https:\/\/credimedia.eu\/portalcliente\/transferencias-mediacao\/#breadcrumb\"},\"inLanguage\":\"pt-PT\",\"potentialAction\":[{\"@type\":\"ReadAction\",\"target\":[\"https:\/\/credimedia.eu\/portalcliente\/transferencias-mediacao\/\"]}]},{\"@type\":\"BreadcrumbList\",\"@id\":\"https:\/\/credimedia.eu\/portalcliente\/transferencias-mediacao\/#breadcrumb\",\"itemListElement\":[{\"@type\":\"ListItem\",\"position\":1,\"name\":\"In\u00edcio\",\"item\":\"https:\/\/credimedia.eu\/portalcliente\/\"},{\"@type\":\"ListItem\",\"position\":2,\"name\":\"Transfer\u00eancias de Media\u00e7\u00e3o\"}]},{\"@type\":\"WebSite\",\"@id\":\"https:\/\/credimedia.eu\/portalcliente\/#website\",\"url\":\"https:\/\/credimedia.eu\/portalcliente\/\",\"name\":\"Portal do Cliente\",\"description\":\"Grupo Credim\u00e9dia\",\"potentialAction\":[{\"@type\":\"SearchAction\",\"target\":{\"@type\":\"EntryPoint\",\"urlTemplate\":\"https:\/\/credimedia.eu\/portalcliente\/?s={search_term_string}\"},\"query-input\":{\"@type\":\"PropertyValueSpecification\",\"valueRequired\":true,\"valueName\":\"search_term_string\"}}],\"inLanguage\":\"pt-PT\"}]}<\/script>\n<!-- \/ Yoast SEO plugin. -->","yoast_head_json":{"title":"Transfer\u00eancias de Media\u00e7\u00e3o - Portal do Cliente","robots":{"index":"index","follow":"follow","max-snippet":"max-snippet:-1","max-image-preview":"max-image-preview:large","max-video-preview":"max-video-preview:-1"},"canonical":"https:\/\/credimedia.eu\/portalcliente\/transferencias-mediacao\/","og_locale":"pt_PT","og_type":"article","og_title":"Transfer\u00eancias de Media\u00e7\u00e3o - Portal do Cliente","og_url":"https:\/\/credimedia.eu\/portalcliente\/transferencias-mediacao\/","og_site_name":"Portal do Cliente","article_modified_time":"2023-10-03T16:08:43+00:00","twitter_card":"summary_large_image","twitter_misc":{"Tempo estimado de leitura":"5 minutos"},"schema":{"@context":"https:\/\/schema.org","@graph":[{"@type":"WebPage","@id":"https:\/\/credimedia.eu\/portalcliente\/transferencias-mediacao\/","url":"https:\/\/credimedia.eu\/portalcliente\/transferencias-mediacao\/","name":"Transfer\u00eancias de Media\u00e7\u00e3o - Portal do Cliente","isPartOf":{"@id":"https:\/\/credimedia.eu\/portalcliente\/#website"},"datePublished":"2023-05-12T14:10:44+00:00","dateModified":"2023-10-03T16:08:43+00:00","breadcrumb":{"@id":"https:\/\/credimedia.eu\/portalcliente\/transferencias-mediacao\/#breadcrumb"},"inLanguage":"pt-PT","potentialAction":[{"@type":"ReadAction","target":["https:\/\/credimedia.eu\/portalcliente\/transferencias-mediacao\/"]}]},{"@type":"BreadcrumbList","@id":"https:\/\/credimedia.eu\/portalcliente\/transferencias-mediacao\/#breadcrumb","itemListElement":[{"@type":"ListItem","position":1,"name":"In\u00edcio","item":"https:\/\/credimedia.eu\/portalcliente\/"},{"@type":"ListItem","position":2,"name":"Transfer\u00eancias de Media\u00e7\u00e3o"}]},{"@type":"WebSite","@id":"https:\/\/credimedia.eu\/portalcliente\/#website","url":"https:\/\/credimedia.eu\/portalcliente\/","name":"Portal do Cliente","description":"Grupo Credim\u00e9dia","potentialAction":[{"@type":"SearchAction","target":{"@type":"EntryPoint","urlTemplate":"https:\/\/credimedia.eu\/portalcliente\/?s={search_term_string}"},"query-input":{"@type":"PropertyValueSpecification","valueRequired":true,"valueName":"search_term_string"}}],"inLanguage":"pt-PT"}]}},"_links":{"self":[{"href":"https:\/\/credimedia.eu\/portalcliente\/wp-json\/wp\/v2\/pages\/1004","targetHints":{"allow":["GET"]}}],"collection":[{"href":"https:\/\/credimedia.eu\/portalcliente\/wp-json\/wp\/v2\/pages"}],"about":[{"href":"https:\/\/credimedia.eu\/portalcliente\/wp-json\/wp\/v2\/types\/page"}],"author":[{"embeddable":true,"href":"https:\/\/credimedia.eu\/portalcliente\/wp-json\/wp\/v2\/users\/1"}],"replies":[{"embeddable":true,"href":"https:\/\/credimedia.eu\/portalcliente\/wp-json\/wp\/v2\/comments?post=1004"}],"version-history":[{"count":4,"href":"https:\/\/credimedia.eu\/portalcliente\/wp-json\/wp\/v2\/pages\/1004\/revisions"}],"predecessor-version":[{"id":1825,"href":"https:\/\/credimedia.eu\/portalcliente\/wp-json\/wp\/v2\/pages\/1004\/revisions\/1825"}],"wp:attachment":[{"href":"https:\/\/credimedia.eu\/portalcliente\/wp-json\/wp\/v2\/media?parent=1004"}],"curies":[{"name":"wp","href":"https:\/\/api.w.org\/{rel}","templated":true}]}}